{"id":583,"date":"2016-07-25T13:52:10","date_gmt":"2016-07-25T17:52:10","guid":{"rendered":"http:\/\/localhost\/bingo\/simolux\/?page_id=583"},"modified":"2021-10-20T18:31:37","modified_gmt":"2021-10-20T22:31:37","slug":"a-propos","status":"publish","type":"page","link":"https:\/\/metal-lf.com\/en\/a-propos\/","title":{"rendered":"About"},"content":{"rendered":"<div class=\"vc_row wpb_row vc_row-fluid\"><div class=\"wpb_column vc_column_container vc_col-sm-12\"><div class=\"vc_column-inner\"><div class=\"wpb_wrapper\"><div class=\"vc_empty_space\"   style=\"height: 32px\"><span class=\"vc_empty_space_inner\"><\/span><\/div><\/div><\/div><\/div><\/div><div class=\"vc_row wpb_row vc_row-fluid vc_custom_1565256614983\"><div class=\"wpb_column vc_column_container vc_col-sm-12\"><div class=\"vc_column-inner\"><div class=\"wpb_wrapper\">\n\t<div class=\"wpb_text_column wpb_content_element  vc_custom_1634768625485 text-block-wapper-1\" >\n\t\t<div class=\"wpb_wrapper\">\n\t\t\t<h2 style=\"text-align: center; font-weight: bold;\">\u00c0 propos de M\u00e9tal LF<\/h2>\n\n\t\t<\/div>\n\t<\/div>\n<div class=\"vc_row wpb_row vc_inner vc_row-fluid\"><div class=\"wpb_column vc_column_container vc_col-sm-12 vc_col-lg-6 vc_col-md-6\"><div class=\"vc_column-inner\"><div class=\"wpb_wrapper\"><div class=\"vc_empty_space  hidden-lg hidden-md\"   style=\"height: 30px\"><span class=\"vc_empty_space_inner\"><\/span><\/div><div class=\"bwp-widget-banner default\">\r\n\t\t\r\n\t<div class=\"bg-banner\">\t\t\r\n\t\t<div class=\"banner-wrapper banners\">\r\n\t\t\t<div class=\"bwp-image\">\r\n\t\t\t\t\t\t\t\t<a href=\"#\">\r\n\t\t\t\t\t\t<img decoding=\"async\" src=\"https:\/\/metal-lf.com\/wp-content\/uploads\/decoupe1-scaled.jpg\" alt=\"\"><\/a>\r\n\t\t\t\t\t\t\t<\/div>\r\n\t\t\t<div class=\"banner-wrapper-infor\">\r\n\t\t\t\t\t\t\t\t\t\t\t\t\t\t\t\t\t\t\t\t<a class=\"button\" href=\"#\">\r\n\t\t\t\t\t\t<\/a>\t\t\t\t\t\t\r\n\t\t\t\t\t\t\t<\/div>\r\n\t\t<\/div>\r\n\t<\/div>\r\n\t<\/div>\r\n<\/div><\/div><\/div><div class=\"wpb_column vc_column_container vc_col-sm-12 vc_col-lg-6 vc_col-md-6\"><div class=\"vc_column-inner\"><div class=\"wpb_wrapper\">\n\t<div class=\"wpb_text_column wpb_content_element\" >\n\t\t<div class=\"wpb_wrapper\">\n\t\t\t<p>M\u00e9tal LF est une division du Groupe ABM sp\u00e9cialis\u00e9e en vente, distribution et transformation de m\u00e9taux comme l&rsquo;acier, l&rsquo;acier inoxydable, l&rsquo;aluminium.<\/p>\n<p>La division M\u00e9tal LF a d\u2019abord \u00e9t\u00e9 cr\u00e9\u00e9e afin d\u2019agir comme point central dans les op\u00e9rations d\u2019achats corporatifs et de ventes de m\u00e9taux pour ses filiales. Maintenant, comme distributeur \/ revendeur pour des entreprises externes au Groupe ABM.<\/p>\n<p>Le positionnement est clair : M\u00e9tal LF facilite l\u2019acc\u00e8s aux entreprises et aux entrepreneurs, \u00e0 des m\u00e9taux et services pour les m\u00e9taux, rapidement et efficacement via le web.<\/p>\n\n\t\t<\/div>\n\t<\/div>\n<\/div><\/div><\/div><\/div><\/div><\/div><\/div><\/div><div class=\"vc_row wpb_row vc_row-fluid\"><div class=\"wpb_column vc_column_container vc_col-sm-12\"><div class=\"vc_column-inner\"><div class=\"wpb_wrapper\"><div class=\"vc_empty_space\"   style=\"height: 32px\"><span class=\"vc_empty_space_inner\"><\/span><\/div><\/div><\/div><\/div><\/div><div class=\"vc_row wpb_row vc_row-fluid vc_custom_1565256614983\"><div class=\"wpb_column vc_column_container vc_col-sm-12\"><div class=\"vc_column-inner\"><div class=\"wpb_wrapper\">\n\t<div class=\"wpb_text_column wpb_content_element  vc_custom_1611780022547 text-block-wapper-1\" >\n\t\t<div class=\"wpb_wrapper\">\n\t\t\t<h2 style=\"text-align: center; font-weight: bold;\">About Groupe ABM<\/h2>\n\n\t\t<\/div>\n\t<\/div>\n<div class=\"vc_row wpb_row vc_inner vc_row-fluid\"><div class=\"wpb_column vc_column_container vc_col-sm-8\"><div class=\"vc_column-inner\"><div class=\"wpb_wrapper\"><div class=\"bwp-widget-banner default\">\r\n\t\t\r\n\t<div class=\"bg-banner\">\t\t\r\n\t\t<div class=\"banner-wrapper banners\">\r\n\t\t\t<div class=\"bwp-image\">\r\n\t\t\t\t\t\t\t\t<a href=\"#\">\r\n\t\t\t\t\t\t<img decoding=\"async\" src=\"https:\/\/metal-lf.com\/wp-content\/uploads\/Groupe-ABM-header.jpg\" alt=\"\"><\/a>\r\n\t\t\t\t\t\t\t<\/div>\r\n\t\t\t<div class=\"banner-wrapper-infor\">\r\n\t\t\t\t\t\t\t\t\t\t\t\t\t\t\t\t\t\t\t\t<a class=\"button\" href=\"#\">\r\n\t\t\t\t\t\t<\/a>\t\t\t\t\t\t\r\n\t\t\t\t\t\t\t<\/div>\r\n\t\t<\/div>\r\n\t<\/div>\r\n\t<\/div>\r\n\n\t<div class=\"wpb_text_column wpb_content_element\" >\n\t\t<div class=\"wpb_wrapper\">\n\t\t\t<p><a href=\"https:\/\/groupeabm.com\/wp-content\/uploads\/GroupeABM-StructOrg-OSS-2021.pdf\" target=\"_blank\" rel=\"noopener\"><em> \u2794 T\u00e9l\u00e9chargez la structure organisationnelle au format PDF<\/em><\/a><\/p>\n\n\t\t<\/div>\n\t<\/div>\n<\/div><\/div><\/div><div class=\"wpb_column vc_column_container vc_col-sm-4\"><div class=\"vc_column-inner\"><div class=\"wpb_wrapper\">\n\t<div class=\"wpb_text_column wpb_content_element\" >\n\t\t<div class=\"wpb_wrapper\">\n\t\t\t<p>Le\u00a0<strong>Groupe ABM<\/strong>\u00a0est une force de gestion op\u00e9rationnelle et un cr\u00e9ateur de synergie dans l\u2019industrie de la construction.<\/p>\n<p>Bas\u00e9 sur le capital humain, le\u00a0<strong>Groupe ABM<\/strong>\u00a0est un ensemble d\u2019entreprises ayant des expertises compl\u00e9mentaires et offrant des services int\u00e9gr\u00e9s dans le monde des m\u00e9taux ouvr\u00e9s.<\/p>\n<p><b>Ses membres comptent :<\/b><\/p>\n<ul>\n<li><strong><a href=\"https:\/\/abmenviro.ca\/\" target=\"_blank\" rel=\"noopener\">ABM Enviro<\/a><\/strong><\/li>\n<li><strong><a href=\"https:\/\/metal-lf.com\/\" target=\"_blank\" rel=\"noopener\">M\u00e9tal LF<\/a><\/strong><\/li>\n<li><strong><a href=\"https:\/\/www.inoxservicesplus.com\/\" target=\"_blank\" rel=\"noopener\">Inox Services Plus<\/a><\/strong><\/li>\n<li><strong><a href=\"http:\/\/www.rthibault.net\/\" target=\"_blank\" rel=\"noopener\">Soudure Ren\u00e9 Thibault<\/a><\/strong><\/li>\n<li><strong><a href=\"https:\/\/preci-max.ca\/\" target=\"_blank\" rel=\"noopener\">Usinage Preci-Max<\/a><\/strong><\/li>\n<\/ul>\n\n\t\t<\/div>\n\t<\/div>\n<\/div><\/div><\/div><\/div><\/div><\/div><\/div><\/div>","protected":false},"excerpt":{"rendered":"\u00c0 propos de M\u00e9tal LF M\u00e9tal LF est une division du Groupe ABM sp\u00e9cialis\u00e9e en vente, distribution et transformation de m\u00e9taux comme l'acier, l'acier inoxydable, l'aluminium. La division M\u00e9tal LF a d\u2019abord \u00e9t\u00e9 cr\u00e9\u00e9e afin d\u2019agir comme point central dans les op\u00e9rations d\u2019achats corporatifs et de ventes de m\u00e9taux pour ses filiales. Maintenant, comme distributeur [...]","protected":false},"author":1,"featured_media":0,"parent":0,"menu_order":5,"comment_status":"closed","ping_status":"closed","template":"","meta":{"footnotes":""},"class_list":["post-583","page","type-page","status-publish","hentry"],"yoast_head":"<!-- This site is optimized with the Yoast SEO plugin v24.7 - https:\/\/yoast.com\/wordpress\/plugins\/seo\/ -->\n<title>\u00c0 propos | M\u00e9tal LF<\/title>\n<meta name=\"robots\" content=\"index, follow, max-snippet:-1, max-image-preview:large, max-video-preview:-1\" \/>\n<link rel=\"canonical\" href=\"https:\/\/metal-lf.com\/en\/a-propos\/\" \/>\n<meta property=\"og:locale\" content=\"en_US\" \/>\n<meta property=\"og:type\" content=\"article\" \/>\n<meta property=\"og:title\" content=\"\u00c0 propos | M\u00e9tal LF\" \/>\n<meta property=\"og:url\" content=\"https:\/\/metal-lf.com\/en\/a-propos\/\" \/>\n<meta property=\"og:site_name\" content=\"M\u00e9tal LF\" \/>\n<meta property=\"article:publisher\" content=\"https:\/\/www.facebook.com\/groupeABMgroup\/\" \/>\n<meta property=\"article:modified_time\" content=\"2021-10-20T22:31:37+00:00\" \/>\n<meta property=\"og:image\" content=\"https:\/\/metal-lf.com\/wp-content\/uploads\/metal-lf-livrer-toujours.jpg\" \/>\n\t<meta property=\"og:image:width\" content=\"2000\" \/>\n\t<meta property=\"og:image:height\" content=\"1200\" \/>\n\t<meta property=\"og:image:type\" content=\"image\/jpeg\" \/>\n<meta name=\"twitter:card\" content=\"summary_large_image\" \/>\n<meta name=\"twitter:label1\" content=\"Est. reading time\" \/>\n\t<meta name=\"twitter:data1\" content=\"2 minutes\" \/>\n<script type=\"application\/ld+json\" class=\"yoast-schema-graph\">{\"@context\":\"https:\/\/schema.org\",\"@graph\":[{\"@type\":\"WebPage\",\"@id\":\"https:\/\/metal-lf.com\/a-propos\/\",\"url\":\"https:\/\/metal-lf.com\/a-propos\/\",\"name\":\"\u00c0 propos | M\u00e9tal LF\",\"isPartOf\":{\"@id\":\"https:\/\/metal-lf.com\/#website\"},\"datePublished\":\"2016-07-25T17:52:10+00:00\",\"dateModified\":\"2021-10-20T22:31:37+00:00\",\"breadcrumb\":{\"@id\":\"https:\/\/metal-lf.com\/a-propos\/#breadcrumb\"},\"inLanguage\":\"en-CA\",\"potentialAction\":[{\"@type\":\"ReadAction\",\"target\":[\"https:\/\/metal-lf.com\/a-propos\/\"]}]},{\"@type\":\"BreadcrumbList\",\"@id\":\"https:\/\/metal-lf.com\/a-propos\/#breadcrumb\",\"itemListElement\":[{\"@type\":\"ListItem\",\"position\":1,\"name\":\"Accueil\",\"item\":\"https:\/\/metal-lf.com\/\"},{\"@type\":\"ListItem\",\"position\":2,\"name\":\"\u00c0 propos\"}]},{\"@type\":\"WebSite\",\"@id\":\"https:\/\/metal-lf.com\/#website\",\"url\":\"https:\/\/metal-lf.com\/\",\"name\":\"M\u00e9tal LF\",\"description\":\"Distribution d&#039;acier, d&#039;aluminium et autres produits de m\u00e9taux\",\"publisher\":{\"@id\":\"https:\/\/metal-lf.com\/#organization\"},\"potentialAction\":[{\"@type\":\"SearchAction\",\"target\":{\"@type\":\"EntryPoint\",\"urlTemplate\":\"https:\/\/metal-lf.com\/?s={search_term_string}\"},\"query-input\":{\"@type\":\"PropertyValueSpecification\",\"valueRequired\":true,\"valueName\":\"search_term_string\"}}],\"inLanguage\":\"en-CA\"},{\"@type\":\"Organization\",\"@id\":\"https:\/\/metal-lf.com\/#organization\",\"name\":\"M\u00e9tal LF\",\"url\":\"https:\/\/metal-lf.com\/\",\"logo\":{\"@type\":\"ImageObject\",\"inLanguage\":\"en-CA\",\"@id\":\"https:\/\/metal-lf.com\/#\/schema\/logo\/image\/\",\"url\":\"https:\/\/metal-lf.com\/wp-content\/uploads\/logo-metal-LF.png\",\"contentUrl\":\"https:\/\/metal-lf.com\/wp-content\/uploads\/logo-metal-LF.png\",\"width\":3000,\"height\":950,\"caption\":\"M\u00e9tal LF\"},\"image\":{\"@id\":\"https:\/\/metal-lf.com\/#\/schema\/logo\/image\/\"},\"sameAs\":[\"https:\/\/www.facebook.com\/groupeABMgroup\/\",\"https:\/\/www.linkedin.com\/company\/groupe-abm\",\"https:\/\/www.youtube.com\/channel\/UCOwvcSCeZZlFqnhRxnMkm6w\/\"]}]}<\/script>\n<!-- \/ Yoast SEO plugin. -->","yoast_head_json":{"title":"\u00c0 propos | M\u00e9tal LF","robots":{"index":"index","follow":"follow","max-snippet":"max-snippet:-1","max-image-preview":"max-image-preview:large","max-video-preview":"max-video-preview:-1"},"canonical":"https:\/\/metal-lf.com\/en\/a-propos\/","og_locale":"en_US","og_type":"article","og_title":"\u00c0 propos | M\u00e9tal LF","og_url":"https:\/\/metal-lf.com\/en\/a-propos\/","og_site_name":"M\u00e9tal LF","article_publisher":"https:\/\/www.facebook.com\/groupeABMgroup\/","article_modified_time":"2021-10-20T22:31:37+00:00","og_image":[{"width":2000,"height":1200,"url":"https:\/\/metal-lf.com\/wp-content\/uploads\/metal-lf-livrer-toujours.jpg","type":"image\/jpeg"}],"twitter_card":"summary_large_image","twitter_misc":{"Est. reading time":"2 minutes"},"schema":{"@context":"https:\/\/schema.org","@graph":[{"@type":"WebPage","@id":"https:\/\/metal-lf.com\/a-propos\/","url":"https:\/\/metal-lf.com\/a-propos\/","name":"\u00c0 propos | M\u00e9tal LF","isPartOf":{"@id":"https:\/\/metal-lf.com\/#website"},"datePublished":"2016-07-25T17:52:10+00:00","dateModified":"2021-10-20T22:31:37+00:00","breadcrumb":{"@id":"https:\/\/metal-lf.com\/a-propos\/#breadcrumb"},"inLanguage":"en-CA","potentialAction":[{"@type":"ReadAction","target":["https:\/\/metal-lf.com\/a-propos\/"]}]},{"@type":"BreadcrumbList","@id":"https:\/\/metal-lf.com\/a-propos\/#breadcrumb","itemListElement":[{"@type":"ListItem","position":1,"name":"Accueil","item":"https:\/\/metal-lf.com\/"},{"@type":"ListItem","position":2,"name":"\u00c0 propos"}]},{"@type":"WebSite","@id":"https:\/\/metal-lf.com\/#website","url":"https:\/\/metal-lf.com\/","name":"M\u00e9tal LF","description":"Distribution d&#039;acier, d&#039;aluminium et autres produits de m\u00e9taux","publisher":{"@id":"https:\/\/metal-lf.com\/#organization"},"potentialAction":[{"@type":"SearchAction","target":{"@type":"EntryPoint","urlTemplate":"https:\/\/metal-lf.com\/?s={search_term_string}"},"query-input":{"@type":"PropertyValueSpecification","valueRequired":true,"valueName":"search_term_string"}}],"inLanguage":"en-CA"},{"@type":"Organization","@id":"https:\/\/metal-lf.com\/#organization","name":"M\u00e9tal LF","url":"https:\/\/metal-lf.com\/","logo":{"@type":"ImageObject","inLanguage":"en-CA","@id":"https:\/\/metal-lf.com\/#\/schema\/logo\/image\/","url":"https:\/\/metal-lf.com\/wp-content\/uploads\/logo-metal-LF.png","contentUrl":"https:\/\/metal-lf.com\/wp-content\/uploads\/logo-metal-LF.png","width":3000,"height":950,"caption":"M\u00e9tal LF"},"image":{"@id":"https:\/\/metal-lf.com\/#\/schema\/logo\/image\/"},"sameAs":["https:\/\/www.facebook.com\/groupeABMgroup\/","https:\/\/www.linkedin.com\/company\/groupe-abm","https:\/\/www.youtube.com\/channel\/UCOwvcSCeZZlFqnhRxnMkm6w\/"]}]}},"_links":{"self":[{"href":"https:\/\/metal-lf.com\/en\/wp-json\/wp\/v2\/pages\/583","targetHints":{"allow":["GET"]}}],"collection":[{"href":"https:\/\/metal-lf.com\/en\/wp-json\/wp\/v2\/pages"}],"about":[{"href":"https:\/\/metal-lf.com\/en\/wp-json\/wp\/v2\/types\/page"}],"author":[{"embeddable":true,"href":"https:\/\/metal-lf.com\/en\/wp-json\/wp\/v2\/users\/1"}],"replies":[{"embeddable":true,"href":"https:\/\/metal-lf.com\/en\/wp-json\/wp\/v2\/comments?post=583"}],"version-history":[{"count":0,"href":"https:\/\/metal-lf.com\/en\/wp-json\/wp\/v2\/pages\/583\/revisions"}],"wp:attachment":[{"href":"https:\/\/metal-lf.com\/en\/wp-json\/wp\/v2\/media?parent=583"}],"curies":[{"name":"wp","href":"https:\/\/api.w.org\/{rel}","templated":true}]}}