{"id":6470,"date":"2018-12-13T10:16:46","date_gmt":"2018-12-13T15:16:46","guid":{"rendered":"https:\/\/wpbingosite.com\/wordpress\/spatina\/?page_id=6470"},"modified":"2021-12-17T13:17:30","modified_gmt":"2021-12-17T18:17:30","slug":"distribution-et-transformation-de-metaux","status":"publish","type":"page","link":"https:\/\/metal-lf.com\/en\/","title":{"rendered":"Distribution et transformation de m\u00e9taux"},"content":{"rendered":"<div data-vc-full-width=\"true\" data-vc-full-width-init=\"false\" data-vc-stretch-content=\"true\" data-vc-parallax-image=\"https:\/\/www.youtube.com\/watch?v=ZF7rKyWObeo\" data-vc-video-bg=\"https:\/\/www.youtube.com\/watch?v=ZF7rKyWObeo\" class=\"vc_row wpb_row vc_row-fluid sliderFR vc_custom_1634921231008 vc_row-has-fill vc_row-o-full-height vc_row-o-columns-bottom vc_row-o-equal-height vc_row-flex vc_video-bg-container\"><div class=\"wpb_column vc_column_container vc_col-sm-12\"><div class=\"vc_column-inner\"><div class=\"wpb_wrapper\">\n\t<div  class=\"wpb_single_image wpb_content_element vc_align_left   tagline\">\n\t\t\n\t\t<figure class=\"wpb_wrapper vc_figure\">\n\t\t\t<div class=\"vc_single_image-wrapper   vc_box_border_grey\"><img loading=\"lazy\" decoding=\"async\" width=\"2000\" height=\"573\" src=\"https:\/\/metal-lf.com\/wp-content\/uploads\/metal-lf-livrer-toujours.png\" class=\"vc_single_image-img attachment-full\" alt=\"\" \/><\/div>\n\t\t<\/figure>\n\t<\/div>\n<\/div><\/div><\/div><\/div><div class=\"vc_row-full-width vc_clearfix\"><\/div><div data-vc-full-width=\"true\" data-vc-full-width-init=\"false\" class=\"vc_row wpb_row vc_row-fluid vc_custom_1610393654743 vc_row-has-fill\"><div class=\"wpb_column vc_column_container vc_col-sm-12\"><div class=\"vc_column-inner vc_custom_1558599051666\"><div class=\"wpb_wrapper\"><div class=\"bwp-widget-banner style2\">\r\n\t\t\r\n\t<div class=\"bg-banner\">\t\t\r\n\t\t<div class=\"banner-wrapper banners\">\r\n\t\t\t<div class=\"row\">\r\n\t\t\t\t<div class=\"col-md-6 col-sm-6 col-xs-12\">\r\n\t\t\t\t\t<div class=\"bwp-image\">\r\n\t\t\t\t\t\t\t\t\t\t\t\t<a href=\"\/contact\">\r\n\t\t\t\t\t\t\t<img decoding=\"async\" src=\"https:\/\/metal-lf.com\/wp-content\/uploads\/Metal-lf-caillebotis-marche.png\" alt=\"\">\r\n\t\t\t\t\t\t<\/a>\r\n\t\t\t\t\t\t\t\t\t\t\t<\/div>\r\n\t\t\t\t<\/div>\r\n\t\t\t\t<div class=\"col-md-6 col-sm-6 col-xs-12\">\r\n\t\t\t\t\t<div class=\"banner-info\">\r\n\t\t\t\t\t\t\t\t\t\t\t\t\t<div class=\"bwp-image-subtitle\">\r\n\t\t\t\t\t\t\t\t\t\t\t\t\t\t\r\n\t\t\t\t\t\t\t\t\tBient\u00f4t disponible!\t\t\t\t\t\t\t\r\n\t\t\t\t\t\t\t\t\t\t\t\t\t\t\t<\/div>\t\r\n\t\t\t\t\t\t\t\t\t\t\t\t\t\t\t\t\t\t\t<h3 class=\"title-banner\">Produits de caillebotis<\/h3>\r\n\t\t\t\t\t\t\t\t\t\t\t\t\t\t\t\t\t\t\t<div class=\"bwp-image-description\">\r\n\t\t\t\t\t\t\t\t\t\t\t\t\t\t\r\n\t\t\t\t\t\t\t\t\tTous les produits de caillebotis et ses d\u00e9riv\u00e9s seront disponibles sur le site sous peu.\t\t\t\t\t\t\t\r\n\t\t\t\t\t\t\t\t\t\t\t\t\t\t\t<\/div>\t\r\n\t\t\t\t\t\t\t\t\t\t\t\t\t\t\t\t\t\t\t<div class=\"bwp-image-button\">\r\n\t\t\t\t\t\t\t\t<a href=\"\/contact\">Communiquez avec nous!<\/a>\r\n\t\t\t\t\t\t\t<\/div>\r\n\t\t\t\t\t\t\t\t\t\t\t<\/div>\r\n\t\t\t\t<\/div>\r\n\t\t\t<\/div>\r\n\t\t<\/div>\r\n\t<\/div>\r\n\t<\/div>\r\n<\/div><\/div><\/div><\/div><div class=\"vc_row-full-width vc_clearfix\"><\/div><div data-vc-full-width=\"true\" data-vc-full-width-init=\"false\" class=\"vc_row wpb_row vc_row-fluid vc_custom_1565169400823\"><div class=\"wpb_column vc_column_container vc_col-sm-12\"><div class=\"vc_column-inner\"><div class=\"wpb_wrapper\">\n\t<div class=\"wpb_text_column wpb_content_element  vc_custom_1611789162838 text-block-wapper-1\" >\n\t\t<div class=\"wpb_wrapper\">\n\t\t\t<h2 style=\"text-align: center; font-weight: bold;\">SHOP OUR PRODUCTS<\/h2>\n\n\t\t<\/div>\n\t<\/div>\n<\/div><\/div><\/div><div class=\"wpb_column vc_column_container vc_col-sm-12\"><div class=\"vc_column-inner\"><div class=\"wpb_wrapper\">\r\n\t<div id=\"bwp_default_295918591778336866\" class=\"bwp_list_default woo-slider-2 lienShopFR no-title\">\r\n\t\t\t\t<div class=\"content-product-list\">\t\r\n\t\t\t<div class=\"slider products-list grid slick-carousel\" data-nav=\"false\" data-columns4=\"1\" data-columns3=\"1\" data-columns2=\"1\" data-columns1=\"2\" data-columns=\"4\">\t\r\n\t\t\t\t\t\t\t\t\t\t\t\t<div class=\"item-product\">\r\n\t\t\t\t\t\r\n\t\t\t\t\t<div class=\"products-entry clearfix product-wapper\">\n\t<div class=\"products-thumb\">\n\t\t\t<div class='product-lable'>\n\t\t\t\t\t<\/div>\n<a href=\"https:\/\/metal-lf.com\/en\/product\/profile-en-u-divers-4\/\" class=\"woocommerce-LoopProduct-link\"><img loading=\"lazy\" decoding=\"async\" width=\"300\" height=\"300\" src=\"https:\/\/metal-lf.com\/wp-content\/uploads\/metal-lf-acier-profil-u-1-300x300.jpg\" class=\"attachment-woocommerce_thumbnail size-woocommerce_thumbnail wp-post-image\" alt=\"\" \/><\/a>\t\t<div class='product-button'>\n\t\t\t<a rel=\"nofollow\" href=\"https:\/\/metal-lf.com\/en\/product\/profile-en-u-divers-4\/\" data-quantity=\"1\" data-product_id=\"22829\" data-product_sku=\"\" class=\"button product_type_variable add_to_cart_button\">Add to your quote<\/a>\t\t<\/div>\n\t<\/div>\n\t<div class=\"products-content\">\n\t\t<div class=\"product-cats\">\n\t\t\t<a href=\"https:\/\/metal-lf.com\/en\/product-category\/acier\/\">Acier<\/a>\n\t\t<\/div>\n\t\t<h3 class=\"product-title\"><a href=\"https:\/\/metal-lf.com\/en\/product\/profile-en-u-divers-4\/\">Profil\u00e9 en \u00abU\u00bb &#8211; Divers 4&Prime;<\/a><\/h3>\n\t\t\n\t\t\t<\/div>\n<\/div>\t\t\t\t \r\n\t\t\t\t\t<\/div><!-- #post-## -->\r\n\t\t\t\t\t\t\t\t\t\r\n\t\t\t\t\t\t\t\t\t\t\t\t<div class=\"item-product\">\r\n\t\t\t\t\t\r\n\t\t\t\t\t<div class=\"products-entry clearfix product-wapper\">\n\t<div class=\"products-thumb\">\n\t\t\t<div class='product-lable'>\n\t\t\t\t\t<\/div>\n<a href=\"https:\/\/metal-lf.com\/en\/product\/tube-rectangulaire-2-x-1\/\" class=\"woocommerce-LoopProduct-link\"><img loading=\"lazy\" decoding=\"async\" width=\"300\" height=\"300\" src=\"https:\/\/metal-lf.com\/wp-content\/uploads\/metal-lf-acier-tube-rectangle-300x300.jpg\" class=\"attachment-woocommerce_thumbnail size-woocommerce_thumbnail wp-post-image\" alt=\"\" \/><\/a>\t\t<div class='product-button'>\n\t\t\t<a rel=\"nofollow\" href=\"https:\/\/metal-lf.com\/en\/product\/tube-rectangulaire-2-x-1\/\" data-quantity=\"1\" data-product_id=\"9760\" data-product_sku=\"\" class=\"button product_type_variable add_to_cart_button\">Add to your quote<\/a>\t\t<\/div>\n\t<\/div>\n\t<div class=\"products-content\">\n\t\t<div class=\"product-cats\">\n\t\t\t<a href=\"https:\/\/metal-lf.com\/en\/product-category\/acier\/\">Acier<\/a>\n\t\t<\/div>\n\t\t<h3 class=\"product-title\"><a href=\"https:\/\/metal-lf.com\/en\/product\/tube-rectangulaire-2-x-1\/\">Tube rectangulaire 2 X 1&Prime;<\/a><\/h3>\n\t\t\n\t\t\t<\/div>\n<\/div>\t\t\t\t \r\n\t\t\t\t\t<\/div><!-- #post-## -->\r\n\t\t\t\t\t\t\t\t\t\r\n\t\t\t\t\t\t\t\t\t\t\t\t<div class=\"item-product\">\r\n\t\t\t\t\t\r\n\t\t\t\t\t<div class=\"products-entry clearfix product-wapper\">\n\t<div class=\"products-thumb\">\n\t\t\t<div class='product-lable'>\n\t\t\t\t\t<\/div>\n<div class=\"product-thumb-hover\"><a href=\"https:\/\/metal-lf.com\/en\/product\/peinture-et-appret\/\" class=\"woocommerce-LoopProduct-link\"><img loading=\"lazy\" decoding=\"async\" width=\"300\" height=\"300\" src=\"https:\/\/metal-lf.com\/wp-content\/uploads\/ABM-peinture-02-300x300.jpg\" class=\"attachment-woocommerce_thumbnail size-woocommerce_thumbnail wp-post-image\" alt=\"\" \/><img loading=\"lazy\" decoding=\"async\" width=\"300\" height=\"300\" src=\"https:\/\/metal-lf.com\/wp-content\/uploads\/ABM-peinture-05-300x300.jpg\" class=\"hover-image back\" alt=\"\" \/><\/a><\/div>\t\t<div class='product-button'>\n\t\t\t<a rel=\"nofollow\" href=\"?add-to-cart=8874\" data-quantity=\"1\" data-product_id=\"8874\" data-product_sku=\"\" class=\"button product_type_simple add_to_cart_button ajax_add_to_cart\">Add to your quote<\/a>\t\t<\/div>\n\t<\/div>\n\t<div class=\"products-content\">\n\t\t<div class=\"product-cats\">\n\t\t\t<a href=\"https:\/\/metal-lf.com\/en\/product-category\/acier\/\">Acier<\/a>\n\t\t<\/div>\n\t\t<h3 class=\"product-title\"><a href=\"https:\/\/metal-lf.com\/en\/product\/peinture-et-appret\/\">Peinture et appr\u00eat<\/a><\/h3>\n\t\t\n\t\t\t<\/div>\n<\/div>\t\t\t\t \r\n\t\t\t\t\t<\/div><!-- #post-## -->\r\n\t\t\t\t\t\t\t\t\t\r\n\t\t\t\t\t\t\t\t\t\t\t\t<div class=\"item-product\">\r\n\t\t\t\t\t\r\n\t\t\t\t\t<div class=\"products-entry clearfix product-wapper\">\n\t<div class=\"products-thumb\">\n\t\t\t<div class='product-lable'>\n\t\t\t\t\t<\/div>\n<a href=\"https:\/\/metal-lf.com\/en\/product\/plats-en-acier-lamine-a-chaud-2-1-2\/\" class=\"woocommerce-LoopProduct-link\"><img loading=\"lazy\" decoding=\"async\" width=\"300\" height=\"300\" src=\"https:\/\/metal-lf.com\/wp-content\/uploads\/metal-lf-acier-plats-300x300.jpg\" class=\"attachment-woocommerce_thumbnail size-woocommerce_thumbnail wp-post-image\" alt=\"\" \/><\/a>\t\t<div class='product-button'>\n\t\t\t<a rel=\"nofollow\" href=\"https:\/\/metal-lf.com\/en\/product\/plats-en-acier-lamine-a-chaud-2-1-2\/\" data-quantity=\"1\" data-product_id=\"13594\" data-product_sku=\"\" class=\"button product_type_variable add_to_cart_button\">Add to your quote<\/a>\t\t<\/div>\n\t<\/div>\n\t<div class=\"products-content\">\n\t\t<div class=\"product-cats\">\n\t\t\t<a href=\"https:\/\/metal-lf.com\/en\/product-category\/acier\/\">Acier<\/a>\n\t\t<\/div>\n\t\t<h3 class=\"product-title\"><a href=\"https:\/\/metal-lf.com\/en\/product\/plats-en-acier-lamine-a-chaud-2-1-2\/\">Plat en acier lamin\u00e9 \u00e0 chaud 2-1\/2&Prime;<\/a><\/h3>\n\t\t\n\t\t\t<\/div>\n<\/div>\t\t\t\t \r\n\t\t\t\t\t<\/div><!-- #post-## -->\r\n\t\t\t\t\t\t\t\t\t\r\n\t\t\t\t\t\t<\/div>\r\n\t\t<\/div>\r\n\t\t\t\t<div class=\"btn-product-list\">\r\n\t\t\t<a href=\"https:\/\/metal-lf.com\/produits\/\">Go to shop<\/a>\r\n\t\t<\/div>\r\n\t\t\t<\/div>\r\n\t\r\n\t<div id=\"bwp_default_7293134661778336866\" class=\"bwp_list_default woo-slider-2 lienShopEN no-title\">\r\n\t\t\t\t<div class=\"content-product-list\">\t\r\n\t\t\t<div class=\"slider products-list grid slick-carousel\" data-nav=\"false\" data-columns4=\"1\" data-columns3=\"1\" data-columns2=\"1\" data-columns1=\"2\" data-columns=\"2\">\t\r\n\t\t\t\t\t\t\t\t\t\t\t\t<div class=\"item-product\">\r\n\t\t\t\t\t\r\n\t\t\t\t\t<div class=\"products-entry clearfix product-wapper\">\n\t<div class=\"products-thumb\">\n\t\t\t<div class='product-lable'>\n\t\t\t\t\t<\/div>\n<a href=\"https:\/\/metal-lf.com\/en\/product\/poutre-en-i-4-x-3\/\" class=\"woocommerce-LoopProduct-link\"><img loading=\"lazy\" decoding=\"async\" width=\"300\" height=\"300\" src=\"https:\/\/metal-lf.com\/wp-content\/uploads\/metal-lf-acier-profil-i-300x300.jpg\" class=\"attachment-woocommerce_thumbnail size-woocommerce_thumbnail wp-post-image\" alt=\"\" \/><\/a>\t\t<div class='product-button'>\n\t\t\t<a rel=\"nofollow\" href=\"https:\/\/metal-lf.com\/en\/product\/poutre-en-i-4-x-3\/\" data-quantity=\"1\" data-product_id=\"23794\" data-product_sku=\"\" class=\"button product_type_variable add_to_cart_button\">Add to your quote<\/a>\t\t<\/div>\n\t<\/div>\n\t<div class=\"products-content\">\n\t\t<div class=\"product-cats\">\n\t\t\t<a href=\"https:\/\/metal-lf.com\/en\/product-category\/aluminium\/\">Aluminium<\/a>\n\t\t<\/div>\n\t\t<h3 class=\"product-title\"><a href=\"https:\/\/metal-lf.com\/en\/product\/poutre-en-i-4-x-3\/\">Poutre en &lsquo;I&rsquo; &#8211; 4 X 3&Prime;<\/a><\/h3>\n\t\t\n\t\t\t<\/div>\n<\/div>\t\t\t\t \r\n\t\t\t\t\t<\/div><!-- #post-## -->\r\n\t\t\t\t\t\t\t\t\t\r\n\t\t\t\t\t\t\t\t\t\t\t\t<div class=\"item-product\">\r\n\t\t\t\t\t\r\n\t\t\t\t\t<div class=\"products-entry clearfix product-wapper\">\n\t<div class=\"products-thumb\">\n\t\t\t<div class='product-lable'>\n\t\t\t\t\t<\/div>\n<a href=\"https:\/\/metal-lf.com\/en\/product\/feuille-de-metal-deploye-5-16-motif-regulier-al\/\" class=\"woocommerce-LoopProduct-link\"><img loading=\"lazy\" decoding=\"async\" width=\"300\" height=\"300\" src=\"https:\/\/metal-lf.com\/wp-content\/uploads\/metal-lf-feuilles-metal-deploye-300x300.jpg\" class=\"attachment-woocommerce_thumbnail size-woocommerce_thumbnail wp-post-image\" alt=\"\" \/><\/a>\t\t<div class='product-button'>\n\t\t\t<a rel=\"nofollow\" href=\"https:\/\/metal-lf.com\/en\/product\/feuille-de-metal-deploye-5-16-motif-regulier-al\/\" data-quantity=\"1\" data-product_id=\"24332\" data-product_sku=\"\" class=\"button product_type_variable add_to_cart_button\">Add to your quote<\/a>\t\t<\/div>\n\t<\/div>\n\t<div class=\"products-content\">\n\t\t<div class=\"product-cats\">\n\t\t\t<a href=\"https:\/\/metal-lf.com\/en\/product-category\/aluminium\/\">Aluminium<\/a>\n\t\t<\/div>\n\t\t<h3 class=\"product-title\"><a href=\"https:\/\/metal-lf.com\/en\/product\/feuille-de-metal-deploye-5-16-motif-regulier-al\/\">Feuille de m\u00e9tal d\u00e9ploy\u00e9 &#8211; 5\/16&Prime; Motif r\u00e9gulier<\/a><\/h3>\n\t\t\n\t\t\t<\/div>\n<\/div>\t\t\t\t \r\n\t\t\t\t\t<\/div><!-- #post-## -->\r\n\t\t\t\t\t\t\t\t\t\r\n\t\t\t\t\t\t<\/div>\r\n\t\t<\/div>\r\n\t\t\t\t<div class=\"btn-product-list\">\r\n\t\t\t<a href=\"https:\/\/metal-lf.com\/en\/products\">Go to shop<\/a>\r\n\t\t<\/div>\r\n\t\t\t<\/div>\r\n\t<\/div><\/div><\/div><\/div><div class=\"vc_row-full-width vc_clearfix\"><\/div><div data-vc-full-width=\"true\" data-vc-full-width-init=\"false\" class=\"vc_row wpb_row vc_row-fluid background-wapper-1 vc_custom_1639688596761 vc_row-has-fill\"><div class=\"wpb_column vc_column_container vc_col-sm-12\"><div class=\"vc_column-inner vc_custom_1633460791273\"><div class=\"wpb_wrapper\">\n\t<div class=\"wpb_text_column wpb_content_element  text-block-wapper-3\" >\n\t\t<div class=\"wpb_wrapper\">\n\t\t\t<h2>Des services<br \/>\ncl\u00e9s en main<\/h2>\n<p><a class=\"lienAboutFR\" href=\"\/services\/\">Voir tous les services<\/a><br \/>\n<a class=\"lienAboutEN\" style=\"display: none;\" href=\"\/en\/services\/\">See all services<\/a><\/p>\n\n\t\t<\/div>\n\t<\/div>\n<\/div><\/div><\/div><\/div><div class=\"vc_row-full-width vc_clearfix\"><\/div><div class=\"vc_row wpb_row vc_row-fluid vc_custom_1558599320902\"><div class=\"wpb_column vc_column_container vc_col-sm-4\"><div class=\"vc_column-inner vc_custom_1558598992847\"><div class=\"wpb_wrapper\">\r\n<div class=\"bwp-policy default\">\r\n\t\t\t<div class=\"policy-icon\">\r\n\t\t\t<img decoding=\"async\" src=\"https:\/\/metal-lf.com\/wp-content\/uploads\/policy1.jpg\" alt=\"\">\r\n\t\t<\/div>\r\n\t\t\t\t<div class=\"policy-info\">\r\n\t\t\r\n\t\t\t\t\t\t\t<h3 class=\"title-policy\">Support<\/h3>\r\n\t\t\t\t\t\t\t\t\t\t<div class=\"desc-policy\">Support and customer service available Monday to Friday, 8 a.m. to 5 p.m.<\/div>\r\n\t\t\t\t\t<\/div>\r\n\t<\/div><!-- .bwp-policy -->\r\n<\/div><\/div><\/div><div class=\"wpb_column vc_column_container vc_col-sm-4\"><div class=\"vc_column-inner vc_custom_1558598999622\"><div class=\"wpb_wrapper\">\r\n<div class=\"bwp-policy default\">\r\n\t\t\t<div class=\"policy-icon\">\r\n\t\t\t<img decoding=\"async\" src=\"https:\/\/metal-lf.com\/wp-content\/uploads\/policy2.jpg\" alt=\"\">\r\n\t\t<\/div>\r\n\t\t\t\t<div class=\"policy-info\">\r\n\t\t\r\n\t\t\t\t\t\t\t<h3 class=\"title-policy\">Shipping<\/h3>\r\n\t\t\t\t\t\t\t\t\t\t<div class=\"desc-policy\">Several delivery methods available.<\/div>\r\n\t\t\t\t\t<\/div>\r\n\t<\/div><!-- .bwp-policy -->\r\n<\/div><\/div><\/div><div class=\"wpb_column vc_column_container vc_col-sm-4\"><div class=\"vc_column-inner vc_custom_1558599005340\"><div class=\"wpb_wrapper\">\r\n<div class=\"bwp-policy default\">\r\n\t\t\t<div class=\"policy-icon\">\r\n\t\t\t<img decoding=\"async\" src=\"https:\/\/metal-lf.com\/wp-content\/uploads\/policy3.jpg\" alt=\"\">\r\n\t\t<\/div>\r\n\t\t\t\t<div class=\"policy-info\">\r\n\t\t\r\n\t\t\t\t\t\t\t<h3 class=\"title-policy\">Satisfaction<\/h3>\r\n\t\t\t\t\t\t\t\t\t\t<div class=\"desc-policy\">30-day ABM satisfaction guarantee.<\/div>\r\n\t\t\t\t\t<\/div>\r\n\t<\/div><!-- .bwp-policy -->\r\n<\/div><\/div><\/div><\/div>","protected":false},"excerpt":{"rendered":"","protected":false},"author":1,"featured_media":0,"parent":0,"menu_order":1,"comment_status":"closed","ping_status":"closed","template":"page-templates\/homepage-menuwhite.php","meta":{"footnotes":""},"class_list":["post-6470","page","type-page","status-publish","hentry","has-post-thumbnail"],"yoast_head":"<!-- This site is optimized with the Yoast SEO plugin v24.7 - https:\/\/yoast.com\/wordpress\/plugins\/seo\/ -->\n<title>Distribution et transformation de m\u00e9taux | M\u00e9tal LF<\/title>\n<meta name=\"description\" content=\"M\u00e9tal LF est une division du Groupe ABM sp\u00e9cialis\u00e9e en vente, distribution et transformation de m\u00e9taux comme l\u2019acier, l\u2019inox, l\u2019aluminium.\" \/>\n<meta name=\"robots\" content=\"index, follow, max-snippet:-1, max-image-preview:large, max-video-preview:-1\" \/>\n<link rel=\"canonical\" href=\"https:\/\/metal-lf.com\/en\/\" \/>\n<meta property=\"og:locale\" content=\"en_US\" \/>\n<meta property=\"og:type\" content=\"article\" \/>\n<meta property=\"og:title\" content=\"Distribution et transformation de m\u00e9taux | M\u00e9tal LF\" \/>\n<meta property=\"og:description\" content=\"M\u00e9tal LF est une division du Groupe ABM sp\u00e9cialis\u00e9e en vente, distribution et transformation de m\u00e9taux comme l\u2019acier, l\u2019inox, l\u2019aluminium.\" \/>\n<meta property=\"og:url\" content=\"https:\/\/metal-lf.com\/en\/\" \/>\n<meta property=\"og:site_name\" content=\"M\u00e9tal LF\" \/>\n<meta property=\"article:publisher\" content=\"https:\/\/www.facebook.com\/groupeABMgroup\/\" \/>\n<meta property=\"article:modified_time\" content=\"2021-12-17T18:17:30+00:00\" \/>\n<meta property=\"og:image\" content=\"https:\/\/metal-lf.com\/wp-content\/uploads\/metal-lf-livrer-toujours.jpg\" \/>\n\t<meta property=\"og:image:width\" content=\"2000\" \/>\n\t<meta property=\"og:image:height\" content=\"1200\" \/>\n\t<meta property=\"og:image:type\" content=\"image\/jpeg\" \/>\n<meta name=\"twitter:card\" content=\"summary_large_image\" \/>\n<meta name=\"twitter:image\" content=\"https:\/\/metal-lf.com\/wp-content\/uploads\/metal-lf-livrer-toujours.jpg\" \/>\n<meta name=\"twitter:label1\" content=\"Est. reading time\" \/>\n\t<meta name=\"twitter:data1\" content=\"2 minutes\" \/>\n<script type=\"application\/ld+json\" class=\"yoast-schema-graph\">{\"@context\":\"https:\/\/schema.org\",\"@graph\":[{\"@type\":\"WebPage\",\"@id\":\"https:\/\/metal-lf.com\/\",\"url\":\"https:\/\/metal-lf.com\/\",\"name\":\"Distribution et transformation de m\u00e9taux | M\u00e9tal LF\",\"isPartOf\":{\"@id\":\"https:\/\/metal-lf.com\/#website\"},\"datePublished\":\"2018-12-13T15:16:46+00:00\",\"dateModified\":\"2021-12-17T18:17:30+00:00\",\"description\":\"M\u00e9tal LF est une division du Groupe ABM sp\u00e9cialis\u00e9e en vente, distribution et transformation de m\u00e9taux comme l\u2019acier, l\u2019inox, l\u2019aluminium.\",\"breadcrumb\":{\"@id\":\"https:\/\/metal-lf.com\/#breadcrumb\"},\"inLanguage\":\"en-CA\",\"potentialAction\":[{\"@type\":\"ReadAction\",\"target\":[\"https:\/\/metal-lf.com\/\"]}]},{\"@type\":\"BreadcrumbList\",\"@id\":\"https:\/\/metal-lf.com\/#breadcrumb\",\"itemListElement\":[{\"@type\":\"ListItem\",\"position\":1,\"name\":\"Accueil\",\"item\":\"https:\/\/metal-lf.com\/\"},{\"@type\":\"ListItem\",\"position\":2,\"name\":\"Distribution et transformation de m\u00e9taux\"}]},{\"@type\":\"WebSite\",\"@id\":\"https:\/\/metal-lf.com\/#website\",\"url\":\"https:\/\/metal-lf.com\/\",\"name\":\"M\u00e9tal LF\",\"description\":\"Distribution d&#039;acier, d&#039;aluminium et autres produits de m\u00e9taux\",\"publisher\":{\"@id\":\"https:\/\/metal-lf.com\/#organization\"},\"potentialAction\":[{\"@type\":\"SearchAction\",\"target\":{\"@type\":\"EntryPoint\",\"urlTemplate\":\"https:\/\/metal-lf.com\/?s={search_term_string}\"},\"query-input\":{\"@type\":\"PropertyValueSpecification\",\"valueRequired\":true,\"valueName\":\"search_term_string\"}}],\"inLanguage\":\"en-CA\"},{\"@type\":\"Organization\",\"@id\":\"https:\/\/metal-lf.com\/#organization\",\"name\":\"M\u00e9tal LF\",\"url\":\"https:\/\/metal-lf.com\/\",\"logo\":{\"@type\":\"ImageObject\",\"inLanguage\":\"en-CA\",\"@id\":\"https:\/\/metal-lf.com\/#\/schema\/logo\/image\/\",\"url\":\"https:\/\/metal-lf.com\/wp-content\/uploads\/logo-metal-LF.png\",\"contentUrl\":\"https:\/\/metal-lf.com\/wp-content\/uploads\/logo-metal-LF.png\",\"width\":3000,\"height\":950,\"caption\":\"M\u00e9tal LF\"},\"image\":{\"@id\":\"https:\/\/metal-lf.com\/#\/schema\/logo\/image\/\"},\"sameAs\":[\"https:\/\/www.facebook.com\/groupeABMgroup\/\",\"https:\/\/www.linkedin.com\/company\/groupe-abm\",\"https:\/\/www.youtube.com\/channel\/UCOwvcSCeZZlFqnhRxnMkm6w\/\"]}]}<\/script>\n<!-- \/ Yoast SEO plugin. -->","yoast_head_json":{"title":"Distribution et transformation de m\u00e9taux | M\u00e9tal LF","description":"M\u00e9tal LF est une division du Groupe ABM sp\u00e9cialis\u00e9e en vente, distribution et transformation de m\u00e9taux comme l\u2019acier, l\u2019inox, l\u2019aluminium.","robots":{"index":"index","follow":"follow","max-snippet":"max-snippet:-1","max-image-preview":"max-image-preview:large","max-video-preview":"max-video-preview:-1"},"canonical":"https:\/\/metal-lf.com\/en\/","og_locale":"en_US","og_type":"article","og_title":"Distribution et transformation de m\u00e9taux | M\u00e9tal LF","og_description":"M\u00e9tal LF est une division du Groupe ABM sp\u00e9cialis\u00e9e en vente, distribution et transformation de m\u00e9taux comme l\u2019acier, l\u2019inox, l\u2019aluminium.","og_url":"https:\/\/metal-lf.com\/en\/","og_site_name":"M\u00e9tal LF","article_publisher":"https:\/\/www.facebook.com\/groupeABMgroup\/","article_modified_time":"2021-12-17T18:17:30+00:00","og_image":[{"width":2000,"height":1200,"url":"https:\/\/metal-lf.com\/wp-content\/uploads\/metal-lf-livrer-toujours.jpg","type":"image\/jpeg"}],"twitter_card":"summary_large_image","twitter_image":"https:\/\/metal-lf.com\/wp-content\/uploads\/metal-lf-livrer-toujours.jpg","twitter_misc":{"Est. reading time":"2 minutes"},"schema":{"@context":"https:\/\/schema.org","@graph":[{"@type":"WebPage","@id":"https:\/\/metal-lf.com\/","url":"https:\/\/metal-lf.com\/","name":"Distribution et transformation de m\u00e9taux | M\u00e9tal LF","isPartOf":{"@id":"https:\/\/metal-lf.com\/#website"},"datePublished":"2018-12-13T15:16:46+00:00","dateModified":"2021-12-17T18:17:30+00:00","description":"M\u00e9tal LF est une division du Groupe ABM sp\u00e9cialis\u00e9e en vente, distribution et transformation de m\u00e9taux comme l\u2019acier, l\u2019inox, l\u2019aluminium.","breadcrumb":{"@id":"https:\/\/metal-lf.com\/#breadcrumb"},"inLanguage":"en-CA","potentialAction":[{"@type":"ReadAction","target":["https:\/\/metal-lf.com\/"]}]},{"@type":"BreadcrumbList","@id":"https:\/\/metal-lf.com\/#breadcrumb","itemListElement":[{"@type":"ListItem","position":1,"name":"Accueil","item":"https:\/\/metal-lf.com\/"},{"@type":"ListItem","position":2,"name":"Distribution et transformation de m\u00e9taux"}]},{"@type":"WebSite","@id":"https:\/\/metal-lf.com\/#website","url":"https:\/\/metal-lf.com\/","name":"M\u00e9tal LF","description":"Distribution d&#039;acier, d&#039;aluminium et autres produits de m\u00e9taux","publisher":{"@id":"https:\/\/metal-lf.com\/#organization"},"potentialAction":[{"@type":"SearchAction","target":{"@type":"EntryPoint","urlTemplate":"https:\/\/metal-lf.com\/?s={search_term_string}"},"query-input":{"@type":"PropertyValueSpecification","valueRequired":true,"valueName":"search_term_string"}}],"inLanguage":"en-CA"},{"@type":"Organization","@id":"https:\/\/metal-lf.com\/#organization","name":"M\u00e9tal LF","url":"https:\/\/metal-lf.com\/","logo":{"@type":"ImageObject","inLanguage":"en-CA","@id":"https:\/\/metal-lf.com\/#\/schema\/logo\/image\/","url":"https:\/\/metal-lf.com\/wp-content\/uploads\/logo-metal-LF.png","contentUrl":"https:\/\/metal-lf.com\/wp-content\/uploads\/logo-metal-LF.png","width":3000,"height":950,"caption":"M\u00e9tal LF"},"image":{"@id":"https:\/\/metal-lf.com\/#\/schema\/logo\/image\/"},"sameAs":["https:\/\/www.facebook.com\/groupeABMgroup\/","https:\/\/www.linkedin.com\/company\/groupe-abm","https:\/\/www.youtube.com\/channel\/UCOwvcSCeZZlFqnhRxnMkm6w\/"]}]}},"_links":{"self":[{"href":"https:\/\/metal-lf.com\/en\/wp-json\/wp\/v2\/pages\/6470","targetHints":{"allow":["GET"]}}],"collection":[{"href":"https:\/\/metal-lf.com\/en\/wp-json\/wp\/v2\/pages"}],"about":[{"href":"https:\/\/metal-lf.com\/en\/wp-json\/wp\/v2\/types\/page"}],"author":[{"embeddable":true,"href":"https:\/\/metal-lf.com\/en\/wp-json\/wp\/v2\/users\/1"}],"replies":[{"embeddable":true,"href":"https:\/\/metal-lf.com\/en\/wp-json\/wp\/v2\/comments?post=6470"}],"version-history":[{"count":0,"href":"https:\/\/metal-lf.com\/en\/wp-json\/wp\/v2\/pages\/6470\/revisions"}],"wp:attachment":[{"href":"https:\/\/metal-lf.com\/en\/wp-json\/wp\/v2\/media?parent=6470"}],"curies":[{"name":"wp","href":"https:\/\/api.w.org\/{rel}","templated":true}]}}