{"id":8845,"date":"2021-02-18T14:12:25","date_gmt":"2021-02-18T19:12:25","guid":{"rendered":"http:\/\/metal-lf.com\/staging\/a-propos-copy\/"},"modified":"2021-12-17T13:20:56","modified_gmt":"2021-12-17T18:20:56","slug":"services","status":"publish","type":"page","link":"https:\/\/metal-lf.com\/en\/services\/","title":{"rendered":"Services de transformation de m\u00e9taux"},"content":{"rendered":"<div class=\"vc_row wpb_row vc_row-fluid\"><div class=\"wpb_column vc_column_container vc_col-sm-12\"><div class=\"vc_column-inner\"><div class=\"wpb_wrapper\"><div class=\"vc_empty_space\"   style=\"height: 32px\"><span class=\"vc_empty_space_inner\"><\/span><\/div><\/div><\/div><\/div><\/div><div class=\"vc_row wpb_row vc_row-fluid\"><div class=\"wpb_column vc_column_container vc_col-sm-12\"><div class=\"vc_column-inner\"><div class=\"wpb_wrapper\"><div class=\"vc_empty_space\"   style=\"height: 32px\"><span class=\"vc_empty_space_inner\"><\/span><\/div><\/div><\/div><\/div><\/div><div class=\"vc_row wpb_row vc_row-fluid vc_custom_1565256614983\"><div class=\"wpb_column vc_column_container vc_col-sm-12\"><div class=\"vc_column-inner\"><div class=\"wpb_wrapper\">\n\t<div class=\"wpb_text_column wpb_content_element  vc_custom_1613682322458 text-block-wapper-1\" >\n\t\t<div class=\"wpb_wrapper\">\n\t\t\t<h2 style=\"text-align: center; font-weight: bold;\">GALVANISATION<\/h2>\n\n\t\t<\/div>\n\t<\/div>\n<div class=\"vc_row wpb_row vc_inner vc_row-fluid\"><div class=\"wpb_column vc_column_container vc_col-sm-12 vc_col-lg-6 vc_col-md-6\"><div class=\"vc_column-inner\"><div class=\"wpb_wrapper\"><div class=\"vc_empty_space  hidden-lg hidden-md\"   style=\"height: 30px\"><span class=\"vc_empty_space_inner\"><\/span><\/div><div class=\"woocommerce\"><ul class=\"products products-list row grid\" data-col=\"col-lg-3 col-md-4 col-sm-4\"><li class=\"col-lg-3 col-md-4 col-sm-4 post-8872 product type-product status-publish has-post-thumbnail product_cat-acier product_cat-services first instock taxable shipping-taxable purchasable product-type-simple\">\n\t<div class=\"products-entry clearfix product-wapper\">\n\t<div class=\"products-thumb\">\n\t\t\t<div class='product-lable'>\n\t\t\t\t\t<\/div>\n<div class=\"product-thumb-hover\"><a href=\"https:\/\/metal-lf.com\/en\/product\/galvanisation-a-chaud\/\" class=\"woocommerce-LoopProduct-link\"><img loading=\"lazy\" decoding=\"async\" width=\"300\" height=\"300\" src=\"https:\/\/metal-lf.com\/wp-content\/uploads\/galvanisation-01-300x300.jpg\" class=\"attachment-woocommerce_thumbnail size-woocommerce_thumbnail wp-post-image\" alt=\"\" \/><img loading=\"lazy\" decoding=\"async\" width=\"300\" height=\"300\" src=\"https:\/\/metal-lf.com\/wp-content\/uploads\/galvanisation-04-300x300.jpg\" class=\"hover-image back\" alt=\"\" \/><\/a><\/div>\t\t<div class='product-button'>\n\t\t\t<a rel=\"nofollow\" href=\"?add-to-cart=8872\" data-quantity=\"1\" data-product_id=\"8872\" data-product_sku=\"\" class=\"button product_type_simple add_to_cart_button ajax_add_to_cart\">Add to your quote<\/a>\t\t<\/div>\n\t<\/div>\n\t<div class=\"products-content\">\n\t\t<div class=\"product-cats\">\n\t\t\t<a href=\"https:\/\/metal-lf.com\/en\/product-category\/acier\/\">Acier<\/a>\n\t\t<\/div>\n\t\t<h3 class=\"product-title\"><a href=\"https:\/\/metal-lf.com\/en\/product\/galvanisation-a-chaud\/\">Galvanisation \u00e0 chaud<\/a><\/h3>\n\t\t\n\t\t\t<\/div>\n<\/div><\/li><\/ul><\/div><\/div><\/div><\/div><div class=\"wpb_column vc_column_container vc_col-sm-12 vc_col-lg-6 vc_col-md-6\"><div class=\"vc_column-inner\"><div class=\"wpb_wrapper\">\n\t<div class=\"wpb_text_column wpb_content_element  text-block-wapper-3\" >\n\t\t<div class=\"wpb_wrapper\">\n\t\t\t<p>La galvanisation \u00e0 chaud de l\u2019acier est un proc\u00e9d\u00e9 qui vise \u00e0 prot\u00e9ger l\u2019acier contre les chocs, la rouille et l\u2019abrasion en le liant \u00e0 une fine couche de zinc.<\/p>\n<p>Nous avons les meilleurs prix et livraison du march\u00e9!<\/p>\n<p><strong><a href=\"\/produit\/galvanisation-a-chaud\/\">DEMANDEZ UNE SOUMISSION!<\/a><\/strong><\/p>\n\n\t\t<\/div>\n\t<\/div>\n<\/div><\/div><\/div><\/div><\/div><\/div><\/div><\/div><div class=\"vc_row wpb_row vc_row-fluid vc_custom_1565256614983\"><div class=\"wpb_column vc_column_container vc_col-sm-12\"><div class=\"vc_column-inner\"><div class=\"wpb_wrapper\">\n\t<div class=\"wpb_text_column wpb_content_element  vc_custom_1613682299231 text-block-wapper-1\" >\n\t\t<div class=\"wpb_wrapper\">\n\t\t\t<h2 style=\"text-align: center; font-weight: bold;\">ANODISATION<\/h2>\n\n\t\t<\/div>\n\t<\/div>\n<div class=\"vc_row wpb_row vc_inner vc_row-fluid\"><div class=\"wpb_column vc_column_container vc_col-sm-12 vc_col-lg-6 vc_col-md-6\"><div class=\"vc_column-inner\"><div class=\"wpb_wrapper\">\n\t<div class=\"wpb_text_column wpb_content_element  text-block-wapper-3\" >\n\t\t<div class=\"wpb_wrapper\">\n\t\t\t<p>Le traitement de l\u2019aluminium par anodisation prot\u00e8ge le mat\u00e9riaux en transformant sa surface en oxyde d\u2019aluminium.<\/p>\n<p>Elle offre une protection durable contre l\u2019usure et \u00e0 la corrosion.<\/p>\n<p><strong><a href=\"\/produit\/anodisation\/\">CLIQUEZ POUR UNE SOUMISSION!<\/a><\/strong><\/p>\n\n\t\t<\/div>\n\t<\/div>\n<\/div><\/div><\/div><div class=\"wpb_column vc_column_container vc_col-sm-12 vc_col-lg-6 vc_col-md-6\"><div class=\"vc_column-inner\"><div class=\"wpb_wrapper\"><div class=\"vc_empty_space  hidden-lg hidden-md\"   style=\"height: 30px\"><span class=\"vc_empty_space_inner\"><\/span><\/div><div class=\"woocommerce\"><ul class=\"products products-list row grid\" data-col=\"col-lg-3 col-md-4 col-sm-4\"><li class=\"col-lg-3 col-md-4 col-sm-4 post-8854 product type-product status-publish has-post-thumbnail product_cat-aluminium product_cat-services first instock taxable shipping-taxable purchasable product-type-simple\">\n\t<div class=\"products-entry clearfix product-wapper\">\n\t<div class=\"products-thumb\">\n\t\t\t<div class='product-lable'>\n\t\t\t\t\t<\/div>\n<div class=\"product-thumb-hover\"><a href=\"https:\/\/metal-lf.com\/en\/product\/anodisation\/\" class=\"woocommerce-LoopProduct-link\"><img loading=\"lazy\" decoding=\"async\" width=\"300\" height=\"300\" src=\"https:\/\/metal-lf.com\/wp-content\/uploads\/anod-07-300x300.jpg\" class=\"attachment-woocommerce_thumbnail size-woocommerce_thumbnail wp-post-image\" alt=\"Service d&#039;anodisation | M\u00e9tal LF\" \/><img loading=\"lazy\" decoding=\"async\" width=\"300\" height=\"300\" src=\"https:\/\/metal-lf.com\/wp-content\/uploads\/anod-08-300x300.jpg\" class=\"hover-image back\" alt=\"Service d&#039;anodisation | M\u00e9tal LF\" \/><\/a><\/div>\t\t<div class='product-button'>\n\t\t\t<a rel=\"nofollow\" href=\"?add-to-cart=8854\" data-quantity=\"1\" data-product_id=\"8854\" data-product_sku=\"\" class=\"button product_type_simple add_to_cart_button ajax_add_to_cart\">Add to your quote<\/a>\t\t<\/div>\n\t<\/div>\n\t<div class=\"products-content\">\n\t\t<div class=\"product-cats\">\n\t\t\t<a href=\"https:\/\/metal-lf.com\/en\/product-category\/aluminium\/\">Aluminium<\/a>\n\t\t<\/div>\n\t\t<h3 class=\"product-title\"><a href=\"https:\/\/metal-lf.com\/en\/product\/anodisation\/\">Anodisation<\/a><\/h3>\n\t\t\n\t\t\t<\/div>\n<\/div><\/li><\/ul><\/div><\/div><\/div><\/div><\/div><\/div><\/div><\/div><\/div><div class=\"vc_row wpb_row vc_row-fluid\"><div class=\"wpb_column vc_column_container vc_col-sm-12\"><div class=\"vc_column-inner\"><div class=\"wpb_wrapper\"><div class=\"vc_empty_space\"   style=\"height: 32px\"><span class=\"vc_empty_space_inner\"><\/span><\/div><\/div><\/div><\/div><\/div><div class=\"vc_row wpb_row vc_row-fluid vc_custom_1565256614983\"><div class=\"wpb_column vc_column_container vc_col-sm-12\"><div class=\"vc_column-inner\"><div class=\"wpb_wrapper\">\n\t<div class=\"wpb_text_column wpb_content_element  vc_custom_1633392339704 text-block-wapper-1\" >\n\t\t<div class=\"wpb_wrapper\">\n\t\t\t<h2 style=\"text-align: center; font-weight: bold;\">PR\u00c9PARATION DE PI\u00c8CES<\/h2>\n\n\t\t<\/div>\n\t<\/div>\n<div class=\"vc_row wpb_row vc_inner vc_row-fluid\"><div class=\"wpb_column vc_column_container vc_col-sm-12 vc_col-lg-6 vc_col-md-6\"><div class=\"vc_column-inner\"><div class=\"wpb_wrapper\"><div class=\"vc_empty_space  hidden-lg hidden-md\"   style=\"height: 30px\"><span class=\"vc_empty_space_inner\"><\/span><\/div><div class=\"woocommerce\"><ul class=\"products products-list row grid\" data-col=\"col-lg-3 col-md-4 col-sm-4\"><li class=\"col-lg-3 col-md-4 col-sm-4 post-8873 product type-product status-publish has-post-thumbnail product_cat-acier product_cat-aluminium product_cat-services first instock taxable shipping-taxable purchasable product-type-simple\">\n\t<div class=\"products-entry clearfix product-wapper\">\n\t<div class=\"products-thumb\">\n\t\t\t<div class='product-lable'>\n\t\t\t\t\t<\/div>\n<div class=\"product-thumb-hover\"><a href=\"https:\/\/metal-lf.com\/en\/product\/preparation-de-pieces\/\" class=\"woocommerce-LoopProduct-link\"><img loading=\"lazy\" decoding=\"async\" width=\"300\" height=\"300\" src=\"https:\/\/metal-lf.com\/wp-content\/uploads\/ABM-decoupe-06-300x300.jpg\" class=\"attachment-woocommerce_thumbnail size-woocommerce_thumbnail wp-post-image\" alt=\"\" \/><img loading=\"lazy\" decoding=\"async\" width=\"300\" height=\"300\" src=\"https:\/\/metal-lf.com\/wp-content\/uploads\/ABM-decoupe-04-300x300.jpg\" class=\"hover-image back\" alt=\"\" \/><\/a><\/div>\t\t<div class='product-button'>\n\t\t\t<a rel=\"nofollow\" href=\"?add-to-cart=8873\" data-quantity=\"1\" data-product_id=\"8873\" data-product_sku=\"\" class=\"button product_type_simple add_to_cart_button ajax_add_to_cart\">Add to your quote<\/a>\t\t<\/div>\n\t<\/div>\n\t<div class=\"products-content\">\n\t\t<div class=\"product-cats\">\n\t\t\t<a href=\"https:\/\/metal-lf.com\/en\/product-category\/acier\/\">Acier<\/a>\n\t\t<\/div>\n\t\t<h3 class=\"product-title\"><a href=\"https:\/\/metal-lf.com\/en\/product\/preparation-de-pieces\/\">Pr\u00e9paration de pi\u00e8ces<\/a><\/h3>\n\t\t\n\t\t\t<\/div>\n<\/div><\/li><\/ul><\/div><\/div><\/div><\/div><div class=\"wpb_column vc_column_container vc_col-sm-12 vc_col-lg-6 vc_col-md-6\"><div class=\"vc_column-inner\"><div class=\"wpb_wrapper\">\n\t<div class=\"wpb_text_column wpb_content_element  text-block-wapper-3\" >\n\t\t<div class=\"wpb_wrapper\">\n\t\t\t<p>Nos \u00e9quipements automatis\u00e9s nous permettent d\u2019offrir des services de pr\u00e9paration de pi\u00e8ces comme de la d\u00e9coupe au laser \/ Laser tube, de la coupe de t\u00f4le et du pliage.<\/p>\n<p><a href=\"\/produit\/preparation-de-pieces\/\"><b>D\u00c9LAIS ET PRIX IMBATTABLES! CONTATEZ-NOUS!<\/b><\/a><\/p>\n\n\t\t<\/div>\n\t<\/div>\n<\/div><\/div><\/div><\/div><\/div><\/div><\/div><\/div><div class=\"vc_row wpb_row vc_row-fluid\"><div class=\"wpb_column vc_column_container vc_col-sm-12\"><div class=\"vc_column-inner\"><div class=\"wpb_wrapper\"><div class=\"vc_empty_space\"   style=\"height: 32px\"><span class=\"vc_empty_space_inner\"><\/span><\/div><\/div><\/div><\/div><\/div><div class=\"vc_row wpb_row vc_row-fluid vc_custom_1565256614983\"><div class=\"wpb_column vc_column_container vc_col-sm-12\"><div class=\"vc_column-inner\"><div class=\"wpb_wrapper\">\n\t<div class=\"wpb_text_column wpb_content_element  vc_custom_1633392574118 text-block-wapper-1\" >\n\t\t<div class=\"wpb_wrapper\">\n\t\t\t<h2 style=\"text-align: center; font-weight: bold;\">PEINTURE ET APPR\u00caT<\/h2>\n\n\t\t<\/div>\n\t<\/div>\n<div class=\"vc_row wpb_row vc_inner vc_row-fluid\"><div class=\"wpb_column vc_column_container vc_col-sm-12 vc_col-lg-6 vc_col-md-6\"><div class=\"vc_column-inner\"><div class=\"wpb_wrapper\">\n\t<div class=\"wpb_text_column wpb_content_element  text-block-wapper-3\" >\n\t\t<div class=\"wpb_wrapper\">\n\t\t\t<p>Un rev\u00eatement de protection comme une peinture s\u2019av\u00e8re tr\u00e8s efficace contre la corrosion de mat\u00e9riel m\u00e9tallique expos\u00e9 aux \u00e9l\u00e9ments, en plus de lui donner un aspect esth\u00e9tique ind\u00e9niable!<\/p>\n<p><a href=\"\/produit\/peinture-et-appret\/\"><strong>DEMANDEZ VOTRE SOUMISSION MAINTENANT!<\/strong><\/a><\/p>\n\n\t\t<\/div>\n\t<\/div>\n<\/div><\/div><\/div><div class=\"wpb_column vc_column_container vc_col-sm-12 vc_col-lg-6 vc_col-md-6\"><div class=\"vc_column-inner\"><div class=\"wpb_wrapper\"><div class=\"vc_empty_space  hidden-lg hidden-md\"   style=\"height: 30px\"><span class=\"vc_empty_space_inner\"><\/span><\/div><div class=\"woocommerce\"><ul class=\"products products-list row grid\" data-col=\"col-lg-3 col-md-4 col-sm-4\"><li class=\"col-lg-3 col-md-4 col-sm-4 post-8874 product type-product status-publish has-post-thumbnail product_cat-acier product_cat-aluminium product_cat-services first instock taxable shipping-taxable purchasable product-type-simple\">\n\t<div class=\"products-entry clearfix product-wapper\">\n\t<div class=\"products-thumb\">\n\t\t\t<div class='product-lable'>\n\t\t\t\t\t<\/div>\n<div class=\"product-thumb-hover\"><a href=\"https:\/\/metal-lf.com\/en\/product\/peinture-et-appret\/\" class=\"woocommerce-LoopProduct-link\"><img loading=\"lazy\" decoding=\"async\" width=\"300\" height=\"300\" src=\"https:\/\/metal-lf.com\/wp-content\/uploads\/ABM-peinture-02-300x300.jpg\" class=\"attachment-woocommerce_thumbnail size-woocommerce_thumbnail wp-post-image\" alt=\"\" \/><img loading=\"lazy\" decoding=\"async\" width=\"300\" height=\"300\" src=\"https:\/\/metal-lf.com\/wp-content\/uploads\/ABM-peinture-05-300x300.jpg\" class=\"hover-image back\" alt=\"\" \/><\/a><\/div>\t\t<div class='product-button'>\n\t\t\t<a rel=\"nofollow\" href=\"?add-to-cart=8874\" data-quantity=\"1\" data-product_id=\"8874\" data-product_sku=\"\" class=\"button product_type_simple add_to_cart_button ajax_add_to_cart\">Add to your quote<\/a>\t\t<\/div>\n\t<\/div>\n\t<div class=\"products-content\">\n\t\t<div class=\"product-cats\">\n\t\t\t<a href=\"https:\/\/metal-lf.com\/en\/product-category\/acier\/\">Acier<\/a>\n\t\t<\/div>\n\t\t<h3 class=\"product-title\"><a href=\"https:\/\/metal-lf.com\/en\/product\/peinture-et-appret\/\">Peinture et appr\u00eat<\/a><\/h3>\n\t\t\n\t\t\t<\/div>\n<\/div><\/li><\/ul><\/div><\/div><\/div><\/div><\/div><\/div><\/div><\/div><\/div>","protected":false},"excerpt":{"rendered":"GALVANISATION Ajouter \u00e0 votre soumission Acier Galvanisation \u00e0 chaud La galvanisation \u00e0 chaud de l\u2019acier est un proc\u00e9d\u00e9 qui vise \u00e0 prot\u00e9ger l\u2019acier contre les chocs, la rouille et l\u2019abrasion en le liant \u00e0 une fine couche de zinc. Nous avons les meilleurs prix et livraison du march\u00e9! DEMANDEZ UNE SOUMISSION! ANODISATION Le traitement de [...]","protected":false},"author":1,"featured_media":0,"parent":0,"menu_order":2,"comment_status":"closed","ping_status":"closed","template":"","meta":{"footnotes":""},"class_list":["post-8845","page","type-page","status-publish","hentry"],"yoast_head":"<!-- This site is optimized with the Yoast SEO plugin v24.7 - https:\/\/yoast.com\/wordpress\/plugins\/seo\/ -->\n<title>Services de transformation de m\u00e9taux | M\u00e9tal LF<\/title>\n<meta name=\"robots\" content=\"index, follow, max-snippet:-1, max-image-preview:large, max-video-preview:-1\" \/>\n<link rel=\"canonical\" href=\"https:\/\/metal-lf.com\/en\/services\/\" \/>\n<meta property=\"og:locale\" content=\"en_US\" \/>\n<meta property=\"og:type\" content=\"article\" \/>\n<meta property=\"og:title\" content=\"Services de transformation de m\u00e9taux | M\u00e9tal LF\" \/>\n<meta property=\"og:url\" content=\"https:\/\/metal-lf.com\/en\/services\/\" \/>\n<meta property=\"og:site_name\" content=\"M\u00e9tal LF\" \/>\n<meta property=\"article:publisher\" content=\"https:\/\/www.facebook.com\/groupeABMgroup\/\" \/>\n<meta property=\"article:modified_time\" content=\"2021-12-17T18:20:56+00:00\" \/>\n<meta property=\"og:image\" content=\"https:\/\/metal-lf.com\/wp-content\/uploads\/metal-lf-livrer-toujours.jpg\" \/>\n\t<meta property=\"og:image:width\" content=\"2000\" \/>\n\t<meta property=\"og:image:height\" content=\"1200\" \/>\n\t<meta property=\"og:image:type\" content=\"image\/jpeg\" \/>\n<meta name=\"twitter:card\" content=\"summary_large_image\" \/>\n<meta name=\"twitter:label1\" content=\"Est. reading time\" \/>\n\t<meta name=\"twitter:data1\" content=\"3 minutes\" \/>\n<script type=\"application\/ld+json\" class=\"yoast-schema-graph\">{\"@context\":\"https:\/\/schema.org\",\"@graph\":[{\"@type\":\"WebPage\",\"@id\":\"https:\/\/metal-lf.com\/services\/\",\"url\":\"https:\/\/metal-lf.com\/services\/\",\"name\":\"Services de transformation de m\u00e9taux | M\u00e9tal LF\",\"isPartOf\":{\"@id\":\"https:\/\/metal-lf.com\/#website\"},\"datePublished\":\"2021-02-18T19:12:25+00:00\",\"dateModified\":\"2021-12-17T18:20:56+00:00\",\"breadcrumb\":{\"@id\":\"https:\/\/metal-lf.com\/services\/#breadcrumb\"},\"inLanguage\":\"en-CA\",\"potentialAction\":[{\"@type\":\"ReadAction\",\"target\":[\"https:\/\/metal-lf.com\/services\/\"]}]},{\"@type\":\"BreadcrumbList\",\"@id\":\"https:\/\/metal-lf.com\/services\/#breadcrumb\",\"itemListElement\":[{\"@type\":\"ListItem\",\"position\":1,\"name\":\"Accueil\",\"item\":\"https:\/\/metal-lf.com\/\"},{\"@type\":\"ListItem\",\"position\":2,\"name\":\"Services de transformation de m\u00e9taux\"}]},{\"@type\":\"WebSite\",\"@id\":\"https:\/\/metal-lf.com\/#website\",\"url\":\"https:\/\/metal-lf.com\/\",\"name\":\"M\u00e9tal LF\",\"description\":\"Distribution d&#039;acier, d&#039;aluminium et autres produits de m\u00e9taux\",\"publisher\":{\"@id\":\"https:\/\/metal-lf.com\/#organization\"},\"potentialAction\":[{\"@type\":\"SearchAction\",\"target\":{\"@type\":\"EntryPoint\",\"urlTemplate\":\"https:\/\/metal-lf.com\/?s={search_term_string}\"},\"query-input\":{\"@type\":\"PropertyValueSpecification\",\"valueRequired\":true,\"valueName\":\"search_term_string\"}}],\"inLanguage\":\"en-CA\"},{\"@type\":\"Organization\",\"@id\":\"https:\/\/metal-lf.com\/#organization\",\"name\":\"M\u00e9tal LF\",\"url\":\"https:\/\/metal-lf.com\/\",\"logo\":{\"@type\":\"ImageObject\",\"inLanguage\":\"en-CA\",\"@id\":\"https:\/\/metal-lf.com\/#\/schema\/logo\/image\/\",\"url\":\"https:\/\/metal-lf.com\/wp-content\/uploads\/logo-metal-LF.png\",\"contentUrl\":\"https:\/\/metal-lf.com\/wp-content\/uploads\/logo-metal-LF.png\",\"width\":3000,\"height\":950,\"caption\":\"M\u00e9tal LF\"},\"image\":{\"@id\":\"https:\/\/metal-lf.com\/#\/schema\/logo\/image\/\"},\"sameAs\":[\"https:\/\/www.facebook.com\/groupeABMgroup\/\",\"https:\/\/www.linkedin.com\/company\/groupe-abm\",\"https:\/\/www.youtube.com\/channel\/UCOwvcSCeZZlFqnhRxnMkm6w\/\"]}]}<\/script>\n<!-- \/ Yoast SEO plugin. -->","yoast_head_json":{"title":"Services de transformation de m\u00e9taux | M\u00e9tal LF","robots":{"index":"index","follow":"follow","max-snippet":"max-snippet:-1","max-image-preview":"max-image-preview:large","max-video-preview":"max-video-preview:-1"},"canonical":"https:\/\/metal-lf.com\/en\/services\/","og_locale":"en_US","og_type":"article","og_title":"Services de transformation de m\u00e9taux | M\u00e9tal LF","og_url":"https:\/\/metal-lf.com\/en\/services\/","og_site_name":"M\u00e9tal LF","article_publisher":"https:\/\/www.facebook.com\/groupeABMgroup\/","article_modified_time":"2021-12-17T18:20:56+00:00","og_image":[{"width":2000,"height":1200,"url":"https:\/\/metal-lf.com\/wp-content\/uploads\/metal-lf-livrer-toujours.jpg","type":"image\/jpeg"}],"twitter_card":"summary_large_image","twitter_misc":{"Est. reading time":"3 minutes"},"schema":{"@context":"https:\/\/schema.org","@graph":[{"@type":"WebPage","@id":"https:\/\/metal-lf.com\/services\/","url":"https:\/\/metal-lf.com\/services\/","name":"Services de transformation de m\u00e9taux | M\u00e9tal LF","isPartOf":{"@id":"https:\/\/metal-lf.com\/#website"},"datePublished":"2021-02-18T19:12:25+00:00","dateModified":"2021-12-17T18:20:56+00:00","breadcrumb":{"@id":"https:\/\/metal-lf.com\/services\/#breadcrumb"},"inLanguage":"en-CA","potentialAction":[{"@type":"ReadAction","target":["https:\/\/metal-lf.com\/services\/"]}]},{"@type":"BreadcrumbList","@id":"https:\/\/metal-lf.com\/services\/#breadcrumb","itemListElement":[{"@type":"ListItem","position":1,"name":"Accueil","item":"https:\/\/metal-lf.com\/"},{"@type":"ListItem","position":2,"name":"Services de transformation de m\u00e9taux"}]},{"@type":"WebSite","@id":"https:\/\/metal-lf.com\/#website","url":"https:\/\/metal-lf.com\/","name":"M\u00e9tal LF","description":"Distribution d&#039;acier, d&#039;aluminium et autres produits de m\u00e9taux","publisher":{"@id":"https:\/\/metal-lf.com\/#organization"},"potentialAction":[{"@type":"SearchAction","target":{"@type":"EntryPoint","urlTemplate":"https:\/\/metal-lf.com\/?s={search_term_string}"},"query-input":{"@type":"PropertyValueSpecification","valueRequired":true,"valueName":"search_term_string"}}],"inLanguage":"en-CA"},{"@type":"Organization","@id":"https:\/\/metal-lf.com\/#organization","name":"M\u00e9tal LF","url":"https:\/\/metal-lf.com\/","logo":{"@type":"ImageObject","inLanguage":"en-CA","@id":"https:\/\/metal-lf.com\/#\/schema\/logo\/image\/","url":"https:\/\/metal-lf.com\/wp-content\/uploads\/logo-metal-LF.png","contentUrl":"https:\/\/metal-lf.com\/wp-content\/uploads\/logo-metal-LF.png","width":3000,"height":950,"caption":"M\u00e9tal LF"},"image":{"@id":"https:\/\/metal-lf.com\/#\/schema\/logo\/image\/"},"sameAs":["https:\/\/www.facebook.com\/groupeABMgroup\/","https:\/\/www.linkedin.com\/company\/groupe-abm","https:\/\/www.youtube.com\/channel\/UCOwvcSCeZZlFqnhRxnMkm6w\/"]}]}},"_links":{"self":[{"href":"https:\/\/metal-lf.com\/en\/wp-json\/wp\/v2\/pages\/8845","targetHints":{"allow":["GET"]}}],"collection":[{"href":"https:\/\/metal-lf.com\/en\/wp-json\/wp\/v2\/pages"}],"about":[{"href":"https:\/\/metal-lf.com\/en\/wp-json\/wp\/v2\/types\/page"}],"author":[{"embeddable":true,"href":"https:\/\/metal-lf.com\/en\/wp-json\/wp\/v2\/users\/1"}],"replies":[{"embeddable":true,"href":"https:\/\/metal-lf.com\/en\/wp-json\/wp\/v2\/comments?post=8845"}],"version-history":[{"count":0,"href":"https:\/\/metal-lf.com\/en\/wp-json\/wp\/v2\/pages\/8845\/revisions"}],"wp:attachment":[{"href":"https:\/\/metal-lf.com\/en\/wp-json\/wp\/v2\/media?parent=8845"}],"curies":[{"name":"wp","href":"https:\/\/api.w.org\/{rel}","templated":true}]}}