{"id":8854,"date":"2021-02-18T16:11:02","date_gmt":"2021-02-18T21:11:02","guid":{"rendered":"http:\/\/metal-lf.com\/staging\/?post_type=product&#038;p=8854"},"modified":"2021-09-29T10:23:50","modified_gmt":"2021-09-29T14:23:50","slug":"anodisation","status":"publish","type":"product","link":"https:\/\/metal-lf.com\/en\/product\/anodisation\/","title":{"rendered":"Anodisation"},"content":{"rendered":"<p>Le traitement de l\u2019aluminium par anodisation prot\u00e8ge le mat\u00e9riaux en transformant sa surface en oxyde d\u2019aluminium. Elle offre une protection durable contre l\u2019usure et \u00e0 la corrosion.<\/p>\n<p>&nbsp;<\/p>\n<h3>LES AVANTAGES DE L\u2019ANODISATION<\/h3>\n<ul>\n<li><b>Durabilit\u00e9 :\u00a0<\/b>Les produits anodis\u00e9s ont une tr\u00e8s longue dur\u00e9e de vie;<\/li>\n<li><b>Co\u00fbt :\u00a0<\/b>Proc\u00e9d\u00e9 \u00e9conomique;<\/li>\n<li><b>Stabilit\u00e9 de la couleur :\u00a0<\/b>Les finis\u00a0r\u00e9sistent aux rayons UV, ne s\u2019\u00e9caillent et ne p\u00e8lent pas;<\/li>\n<li><b>Facilit\u00e9 d\u2019entretien :\u00a0<\/b>Facile \u00e0 nettoyer avec du savon doux;<\/li>\n<li><b>Esth\u00e9tique :\u00a0<\/b>Donne de la brillance aux pi\u00e8ces;<\/li>\n<li><b>Environnement :\u00a0<\/b>Processus de finition de m\u00e9tal le plus respectueux de l\u2019environnement. Les sous-produits ne contiennent pas de m\u00e9taux lourds, d\u2019halog\u00e8nes, ou de substances volatiles.<\/li>\n<\/ul>\n<p>&nbsp;<\/p>\n<h3>CERTIFICATION LEED<\/h3>\n<p><em><strong>Leadership in Energy and Environmental Design<\/strong><\/em><\/p>\n<p>L\u2019anodisation est un proc\u00e9d\u00e9 approuv\u00e9 par le programme de certification LEED. Le niveau de durabilit\u00e9 et de la dur\u00e9e de vie du fini permet d\u2019acc\u00e9der \u00e0 la certification pour un b\u00e2timent.<\/p>\n<p><em><a class=\"textbox\" href=\"https:\/\/www.cagbc.org\/CBDCA\/LEED\/Processus_de_certification\/CBDCaSiteWeb\/Programmes\/LEED\/Processus_de_certification_LEED.aspx?hkey=e49eb234-df68-44c1-8b1f-a53b2075b3ab\" target=\"_blank\" rel=\"noopener\">\u2794 Pour en savoir plus sur la certification LEED<\/a><\/em><\/p>\n<p>&nbsp;<\/p>\n<div class=\"elementor-element elementor-element-993f6ba elementor-widget elementor-widget-heading\" data-id=\"993f6ba\" data-element_type=\"widget\" data-settings=\"{&quot;ekit_we_effect_on&quot;:&quot;none&quot;}\" data-widget_type=\"heading.default\">\n<div class=\"elementor-widget-container\">\n<h3 class=\"elementor-heading-title elementor-size-default\">COULEURS DE FINIS<\/h3>\n<\/div>\n<\/div>\n<div class=\"elementor-element elementor-element-c87afd4 elementor-widget elementor-widget-elementskit-table\" data-id=\"c87afd4\" data-element_type=\"widget\" data-settings=\"{&quot;ekit_we_effect_on&quot;:&quot;none&quot;}\" data-widget_type=\"elementskit-table.default\">\n<div class=\"elementor-widget-container\">\n<div class=\"ekit-wid-con\">\n<div class=\"ekit_table display  ekit_table_data_type-custom\" data-settings=\"{&quot;fixedHeader&quot;:false,&quot;search&quot;:false,&quot;responsive&quot;:false,&quot;pagination&quot;:false,&quot;button&quot;:false,&quot;entries&quot;:false,&quot;info&quot;:false,&quot;ordering&quot;:false,&quot;item_per_page&quot;:100,&quot;nav_style&quot;:&quot;&quot;,&quot;prev_text&quot;:&quot;&quot;,&quot;next_text&quot;:&quot;&quot;,&quot;prev_arrow&quot;:&quot;&quot;,&quot;next_arrow&quot;:&quot;&quot;}\">\n<div id=\"ekit-table-container-c87afd4_wrapper\" class=\"dataTables_wrapper no-footer\">\n<table id=\"ekit-table-container-c87afd4\" class=\"display dataTable no-footer\" role=\"grid\">\n<thead>\n<tr role=\"row\">\n<th class=\"elementor-repeater-item-6b728fd sorting_disabled\" colspan=\"1\" rowspan=\"1\">\n<div class=\"ekit_table_item_container  ekit-table-container-\">CLASSE<\/div>\n<\/th>\n<th class=\"elementor-repeater-item-275418b sorting_disabled\" colspan=\"1\" rowspan=\"1\">\n<div class=\"ekit_table_item_container  ekit-table-container-\">COULEUR<\/div>\n<\/th>\n<th class=\"elementor-repeater-item-2019ad2 sorting_disabled\" colspan=\"1\" rowspan=\"1\">\n<div class=\"ekit_table_item_container  ekit-table-container-\">SP\u00c9CIFICATION (ALUMINIUM ASSOCIATION)<\/div>\n<\/th>\n<\/tr>\n<\/thead>\n<tbody>\n<tr class=\"odd\" role=\"row\">\n<td class=\"elementor-repeater-item-f29d9da ekit_table_data_\" data-order=\"II\">\n<div class=\"ekit_table_body_container ekit_table_data_ ekit_body_align_left\">II<\/div>\n<\/td>\n<td class=\"elementor-repeater-item-9f5e680 ekit_table_data_\" data-order=\"Clair\">\n<div class=\"ekit_table_body_container ekit_table_data_ ekit_body_align_left\">Clair<\/div>\n<\/td>\n<td class=\"elementor-repeater-item-b7a0abb ekit_table_data_\" data-order=\"AA-M12-C22-A31\">\n<div class=\"ekit_table_body_container ekit_table_data_ ekit_body_align_left\">AA-M12-C22-A31<\/div>\n<\/td>\n<\/tr>\n<tr class=\"even\" role=\"row\">\n<td class=\"elementor-repeater-item-36e7263 ekit_table_data_\" data-order=\"I\">\n<div class=\"ekit_table_body_container ekit_table_data_ ekit_body_align_left\">I<\/div>\n<\/td>\n<td class=\"elementor-repeater-item-27aa394 ekit_table_data_\" data-order=\"Clair\">\n<div class=\"ekit_table_body_container ekit_table_data_ ekit_body_align_left\">Clair<\/div>\n<\/td>\n<td class=\"elementor-repeater-item-65cbe2e ekit_table_data_\" data-order=\"AA-M12-C22-A41\">\n<div class=\"ekit_table_body_container ekit_table_data_ ekit_body_align_left\">AA-M12-C22-A41<\/div>\n<\/td>\n<\/tr>\n<tr class=\"odd\" role=\"row\">\n<td class=\"elementor-repeater-item-b13fb0f ekit_table_data_\" data-order=\"I\">\n<div class=\"ekit_table_body_container ekit_table_data_ ekit_body_align_left\">I<\/div>\n<\/td>\n<td class=\"elementor-repeater-item-9bda78e ekit_table_data_\" data-order=\"Champagne\">\n<div class=\"ekit_table_body_container ekit_table_data_ ekit_body_align_left\">Champagne<\/div>\n<\/td>\n<td class=\"elementor-repeater-item-dcbbc38 ekit_table_data_\" data-order=\"AA-M12-C22-A44\">\n<div class=\"ekit_table_body_container ekit_table_data_ ekit_body_align_left\">AA-M12-C22-A44<\/div>\n<\/td>\n<\/tr>\n<tr class=\"even\" role=\"row\">\n<td class=\"elementor-repeater-item-8540b2b ekit_table_data_\" data-order=\"I\">\n<div class=\"ekit_table_body_container ekit_table_data_ ekit_body_align_left\">I<\/div>\n<\/td>\n<td class=\"elementor-repeater-item-5699ee5 ekit_table_data_\" data-order=\"Bronze p\u00e2le\">\n<div class=\"ekit_table_body_container ekit_table_data_ ekit_body_align_left\">Bronze p\u00e2le<\/div>\n<\/td>\n<td class=\"elementor-repeater-item-43e9974 ekit_table_data_\" data-order=\"AA-M12-C22-A44\">\n<div class=\"ekit_table_body_container ekit_table_data_ ekit_body_align_left\">AA-M12-C22-A44<\/div>\n<\/td>\n<\/tr>\n<tr class=\"odd\" role=\"row\">\n<td class=\"elementor-repeater-item-19de458 ekit_table_data_\" data-order=\"I\">\n<div class=\"ekit_table_body_container ekit_table_data_ ekit_body_align_left\">I<\/div>\n<\/td>\n<td class=\"elementor-repeater-item-a7d9830 ekit_table_data_\" data-order=\"Bronze\">\n<div class=\"ekit_table_body_container ekit_table_data_ ekit_body_align_left\">Bronze<\/div>\n<\/td>\n<td class=\"elementor-repeater-item-3961530 ekit_table_data_\" data-order=\"AA-M12-C22-A44\">\n<div class=\"ekit_table_body_container ekit_table_data_ ekit_body_align_left\">AA-M12-C22-A44<\/div>\n<\/td>\n<\/tr>\n<tr class=\"even\" role=\"row\">\n<td class=\"elementor-repeater-item-30e9415 ekit_table_data_\" data-order=\"I\">\n<div class=\"ekit_table_body_container ekit_table_data_ ekit_body_align_left\">I<\/div>\n<\/td>\n<td class=\"elementor-repeater-item-4a590c8 ekit_table_data_\" data-order=\"Bronze fonc\u00e9\">\n<div class=\"ekit_table_body_container ekit_table_data_ ekit_body_align_left\">Bronze fonc\u00e9<\/div>\n<\/td>\n<td class=\"elementor-repeater-item-c5fa317 ekit_table_data_\" data-order=\"AA-M12-C22-A44\">\n<div class=\"ekit_table_body_container ekit_table_data_ ekit_body_align_left\">AA-M12-C22-A44<\/div>\n<\/td>\n<\/tr>\n<tr class=\"odd\" role=\"row\">\n<td class=\"elementor-repeater-item-537561b ekit_table_data_\" data-order=\"I\">\n<div class=\"ekit_table_body_container ekit_table_data_ ekit_body_align_left\">I<\/div>\n<\/td>\n<td class=\"elementor-repeater-item-ed9408f ekit_table_data_\" data-order=\"Noir\">\n<div class=\"ekit_table_body_container ekit_table_data_ ekit_body_align_left\">Noir<\/div>\n<\/td>\n<td class=\"elementor-repeater-item-de31fec ekit_table_data_\" data-order=\"AA-M12-C22-A44\">\n<div class=\"ekit_table_body_container ekit_table_data_ ekit_body_align_left\">AA-M12-C22-A44<\/div>\n<\/td>\n<\/tr>\n<\/tbody>\n<\/table>\n<\/div>\n<\/div>\n<\/div>\n<\/div>\n<\/div>\n<div class=\"elementor-element elementor-element-75a9d3d elementor-widget elementor-widget-text-editor\" data-id=\"75a9d3d\" data-element_type=\"widget\" data-settings=\"{&quot;ekit_we_effect_on&quot;:&quot;none&quot;}\" data-widget_type=\"text-editor.default\">\n<div class=\"elementor-widget-container\">\n<div class=\"elementor-text-editor elementor-clearfix\">\n<p>Fini Acide Etch aussi disponible!<\/p>\n<\/div>\n<\/div>\n<\/div>","protected":false},"excerpt":{"rendered":"<p>Le traitement de l\u2019aluminium par anodisation prot\u00e8ge le mat\u00e9riaux en transformant sa surface en oxyde d\u2019aluminium. Elle offre une protection durable contre l\u2019usure et \u00e0 la corrosion. &nbsp; LES AVANTAGES DE L\u2019ANODISATION Durabilit\u00e9 :\u00a0Les produits anodis\u00e9s ont une tr\u00e8s longue dur\u00e9e de vie; Co\u00fbt :\u00a0Proc\u00e9d\u00e9 \u00e9conomique; Stabilit\u00e9 de la couleur :\u00a0Les finis\u00a0r\u00e9sistent aux rayons UV, [&hellip;]<\/p>","protected":false},"featured_media":22456,"comment_status":"closed","ping_status":"closed","template":"","meta":[],"product_cat":[146,20],"product_tag":[],"class_list":{"0":"post-8854","1":"product","2":"type-product","3":"status-publish","4":"has-post-thumbnail","6":"product_cat-aluminium","7":"product_cat-services","10":"first","11":"instock","12":"taxable","13":"shipping-taxable","14":"purchasable","15":"product-type-simple"},"yoast_head":"<!-- This site is optimized with the Yoast SEO plugin v24.7 - https:\/\/yoast.com\/wordpress\/plugins\/seo\/ -->\n<title>Anodisation | M\u00e9tal LF<\/title>\n<meta name=\"robots\" content=\"index, follow, max-snippet:-1, max-image-preview:large, max-video-preview:-1\" \/>\n<link rel=\"canonical\" href=\"https:\/\/metal-lf.com\/en\/product\/anodisation\/\" \/>\n<meta property=\"og:locale\" content=\"en_US\" \/>\n<meta property=\"og:type\" content=\"article\" \/>\n<meta property=\"og:title\" content=\"Anodisation | M\u00e9tal LF\" \/>\n<meta property=\"og:description\" content=\"Le traitement de l\u2019aluminium par anodisation prot\u00e8ge le mat\u00e9riaux en transformant sa surface en oxyde d\u2019aluminium. Elle offre une protection durable contre l\u2019usure et \u00e0 la corrosion. &nbsp; LES AVANTAGES DE L\u2019ANODISATION Durabilit\u00e9 :\u00a0Les produits anodis\u00e9s ont une tr\u00e8s longue dur\u00e9e de vie; Co\u00fbt :\u00a0Proc\u00e9d\u00e9 \u00e9conomique; Stabilit\u00e9 de la couleur :\u00a0Les finis\u00a0r\u00e9sistent aux rayons UV, [&hellip;]\" \/>\n<meta property=\"og:url\" content=\"https:\/\/metal-lf.com\/en\/product\/anodisation\/\" \/>\n<meta property=\"og:site_name\" content=\"M\u00e9tal LF\" \/>\n<meta property=\"article:publisher\" content=\"https:\/\/www.facebook.com\/groupeABMgroup\/\" \/>\n<meta property=\"article:modified_time\" content=\"2021-09-29T14:23:50+00:00\" \/>\n<meta property=\"og:image\" content=\"https:\/\/metal-lf.com\/wp-content\/uploads\/anod-07.jpg\" \/>\n\t<meta property=\"og:image:width\" content=\"1920\" \/>\n\t<meta property=\"og:image:height\" content=\"1440\" \/>\n\t<meta property=\"og:image:type\" content=\"image\/jpeg\" \/>\n<meta name=\"twitter:card\" content=\"summary_large_image\" \/>\n<meta name=\"twitter:label1\" content=\"Est. reading time\" \/>\n\t<meta name=\"twitter:data1\" content=\"1 minute\" \/>\n<script type=\"application\/ld+json\" class=\"yoast-schema-graph\">{\"@context\":\"https:\/\/schema.org\",\"@graph\":[{\"@type\":\"WebPage\",\"@id\":\"https:\/\/metal-lf.com\/produit\/anodisation\/\",\"url\":\"https:\/\/metal-lf.com\/produit\/anodisation\/\",\"name\":\"Anodisation | M\u00e9tal LF\",\"isPartOf\":{\"@id\":\"https:\/\/metal-lf.com\/#website\"},\"primaryImageOfPage\":{\"@id\":\"https:\/\/metal-lf.com\/produit\/anodisation\/#primaryimage\"},\"image\":{\"@id\":\"https:\/\/metal-lf.com\/produit\/anodisation\/#primaryimage\"},\"thumbnailUrl\":\"https:\/\/metal-lf.com\/wp-content\/uploads\/anod-07.jpg\",\"datePublished\":\"2021-02-18T21:11:02+00:00\",\"dateModified\":\"2021-09-29T14:23:50+00:00\",\"breadcrumb\":{\"@id\":\"https:\/\/metal-lf.com\/produit\/anodisation\/#breadcrumb\"},\"inLanguage\":\"en-CA\",\"potentialAction\":[{\"@type\":\"ReadAction\",\"target\":[\"https:\/\/metal-lf.com\/produit\/anodisation\/\"]}]},{\"@type\":\"ImageObject\",\"inLanguage\":\"en-CA\",\"@id\":\"https:\/\/metal-lf.com\/produit\/anodisation\/#primaryimage\",\"url\":\"https:\/\/metal-lf.com\/wp-content\/uploads\/anod-07.jpg\",\"contentUrl\":\"https:\/\/metal-lf.com\/wp-content\/uploads\/anod-07.jpg\",\"width\":1920,\"height\":1440,\"caption\":\"Service d'anodisation | M\u00e9tal LF\"},{\"@type\":\"BreadcrumbList\",\"@id\":\"https:\/\/metal-lf.com\/produit\/anodisation\/#breadcrumb\",\"itemListElement\":[{\"@type\":\"ListItem\",\"position\":1,\"name\":\"Accueil\",\"item\":\"https:\/\/metal-lf.com\/\"},{\"@type\":\"ListItem\",\"position\":2,\"name\":\"Produits\",\"item\":\"https:\/\/metal-lf.com\/produits\/\"},{\"@type\":\"ListItem\",\"position\":3,\"name\":\"Anodisation\"}]},{\"@type\":\"WebSite\",\"@id\":\"https:\/\/metal-lf.com\/#website\",\"url\":\"https:\/\/metal-lf.com\/\",\"name\":\"M\u00e9tal LF\",\"description\":\"Distribution d&#039;acier, d&#039;aluminium et autres produits de m\u00e9taux\",\"publisher\":{\"@id\":\"https:\/\/metal-lf.com\/#organization\"},\"potentialAction\":[{\"@type\":\"SearchAction\",\"target\":{\"@type\":\"EntryPoint\",\"urlTemplate\":\"https:\/\/metal-lf.com\/?s={search_term_string}\"},\"query-input\":{\"@type\":\"PropertyValueSpecification\",\"valueRequired\":true,\"valueName\":\"search_term_string\"}}],\"inLanguage\":\"en-CA\"},{\"@type\":\"Organization\",\"@id\":\"https:\/\/metal-lf.com\/#organization\",\"name\":\"M\u00e9tal LF\",\"url\":\"https:\/\/metal-lf.com\/\",\"logo\":{\"@type\":\"ImageObject\",\"inLanguage\":\"en-CA\",\"@id\":\"https:\/\/metal-lf.com\/#\/schema\/logo\/image\/\",\"url\":\"https:\/\/metal-lf.com\/wp-content\/uploads\/logo-metal-LF.png\",\"contentUrl\":\"https:\/\/metal-lf.com\/wp-content\/uploads\/logo-metal-LF.png\",\"width\":3000,\"height\":950,\"caption\":\"M\u00e9tal LF\"},\"image\":{\"@id\":\"https:\/\/metal-lf.com\/#\/schema\/logo\/image\/\"},\"sameAs\":[\"https:\/\/www.facebook.com\/groupeABMgroup\/\",\"https:\/\/www.linkedin.com\/company\/groupe-abm\",\"https:\/\/www.youtube.com\/channel\/UCOwvcSCeZZlFqnhRxnMkm6w\/\"]}]}<\/script>\n<!-- \/ Yoast SEO plugin. -->","yoast_head_json":{"title":"Anodisation | M\u00e9tal LF","robots":{"index":"index","follow":"follow","max-snippet":"max-snippet:-1","max-image-preview":"max-image-preview:large","max-video-preview":"max-video-preview:-1"},"canonical":"https:\/\/metal-lf.com\/en\/product\/anodisation\/","og_locale":"en_US","og_type":"article","og_title":"Anodisation | M\u00e9tal LF","og_description":"Le traitement de l\u2019aluminium par anodisation prot\u00e8ge le mat\u00e9riaux en transformant sa surface en oxyde d\u2019aluminium. Elle offre une protection durable contre l\u2019usure et \u00e0 la corrosion. &nbsp; LES AVANTAGES DE L\u2019ANODISATION Durabilit\u00e9 :\u00a0Les produits anodis\u00e9s ont une tr\u00e8s longue dur\u00e9e de vie; Co\u00fbt :\u00a0Proc\u00e9d\u00e9 \u00e9conomique; Stabilit\u00e9 de la couleur :\u00a0Les finis\u00a0r\u00e9sistent aux rayons UV, [&hellip;]","og_url":"https:\/\/metal-lf.com\/en\/product\/anodisation\/","og_site_name":"M\u00e9tal LF","article_publisher":"https:\/\/www.facebook.com\/groupeABMgroup\/","article_modified_time":"2021-09-29T14:23:50+00:00","og_image":[{"width":1920,"height":1440,"url":"https:\/\/metal-lf.com\/wp-content\/uploads\/anod-07.jpg","type":"image\/jpeg"}],"twitter_card":"summary_large_image","twitter_misc":{"Est. reading time":"1 minute"},"schema":{"@context":"https:\/\/schema.org","@graph":[{"@type":"WebPage","@id":"https:\/\/metal-lf.com\/produit\/anodisation\/","url":"https:\/\/metal-lf.com\/produit\/anodisation\/","name":"Anodisation | M\u00e9tal LF","isPartOf":{"@id":"https:\/\/metal-lf.com\/#website"},"primaryImageOfPage":{"@id":"https:\/\/metal-lf.com\/produit\/anodisation\/#primaryimage"},"image":{"@id":"https:\/\/metal-lf.com\/produit\/anodisation\/#primaryimage"},"thumbnailUrl":"https:\/\/metal-lf.com\/wp-content\/uploads\/anod-07.jpg","datePublished":"2021-02-18T21:11:02+00:00","dateModified":"2021-09-29T14:23:50+00:00","breadcrumb":{"@id":"https:\/\/metal-lf.com\/produit\/anodisation\/#breadcrumb"},"inLanguage":"en-CA","potentialAction":[{"@type":"ReadAction","target":["https:\/\/metal-lf.com\/produit\/anodisation\/"]}]},{"@type":"ImageObject","inLanguage":"en-CA","@id":"https:\/\/metal-lf.com\/produit\/anodisation\/#primaryimage","url":"https:\/\/metal-lf.com\/wp-content\/uploads\/anod-07.jpg","contentUrl":"https:\/\/metal-lf.com\/wp-content\/uploads\/anod-07.jpg","width":1920,"height":1440,"caption":"Service d'anodisation | M\u00e9tal LF"},{"@type":"BreadcrumbList","@id":"https:\/\/metal-lf.com\/produit\/anodisation\/#breadcrumb","itemListElement":[{"@type":"ListItem","position":1,"name":"Accueil","item":"https:\/\/metal-lf.com\/"},{"@type":"ListItem","position":2,"name":"Produits","item":"https:\/\/metal-lf.com\/produits\/"},{"@type":"ListItem","position":3,"name":"Anodisation"}]},{"@type":"WebSite","@id":"https:\/\/metal-lf.com\/#website","url":"https:\/\/metal-lf.com\/","name":"M\u00e9tal LF","description":"Distribution d&#039;acier, d&#039;aluminium et autres produits de m\u00e9taux","publisher":{"@id":"https:\/\/metal-lf.com\/#organization"},"potentialAction":[{"@type":"SearchAction","target":{"@type":"EntryPoint","urlTemplate":"https:\/\/metal-lf.com\/?s={search_term_string}"},"query-input":{"@type":"PropertyValueSpecification","valueRequired":true,"valueName":"search_term_string"}}],"inLanguage":"en-CA"},{"@type":"Organization","@id":"https:\/\/metal-lf.com\/#organization","name":"M\u00e9tal LF","url":"https:\/\/metal-lf.com\/","logo":{"@type":"ImageObject","inLanguage":"en-CA","@id":"https:\/\/metal-lf.com\/#\/schema\/logo\/image\/","url":"https:\/\/metal-lf.com\/wp-content\/uploads\/logo-metal-LF.png","contentUrl":"https:\/\/metal-lf.com\/wp-content\/uploads\/logo-metal-LF.png","width":3000,"height":950,"caption":"M\u00e9tal LF"},"image":{"@id":"https:\/\/metal-lf.com\/#\/schema\/logo\/image\/"},"sameAs":["https:\/\/www.facebook.com\/groupeABMgroup\/","https:\/\/www.linkedin.com\/company\/groupe-abm","https:\/\/www.youtube.com\/channel\/UCOwvcSCeZZlFqnhRxnMkm6w\/"]}]}},"_links":{"self":[{"href":"https:\/\/metal-lf.com\/en\/wp-json\/wp\/v2\/product\/8854","targetHints":{"allow":["GET"]}}],"collection":[{"href":"https:\/\/metal-lf.com\/en\/wp-json\/wp\/v2\/product"}],"about":[{"href":"https:\/\/metal-lf.com\/en\/wp-json\/wp\/v2\/types\/product"}],"replies":[{"embeddable":true,"href":"https:\/\/metal-lf.com\/en\/wp-json\/wp\/v2\/comments?post=8854"}],"wp:featuredmedia":[{"embeddable":true,"href":"https:\/\/metal-lf.com\/en\/wp-json\/wp\/v2\/media\/22456"}],"wp:attachment":[{"href":"https:\/\/metal-lf.com\/en\/wp-json\/wp\/v2\/media?parent=8854"}],"wp:term":[{"taxonomy":"product_cat","embeddable":true,"href":"https:\/\/metal-lf.com\/en\/wp-json\/wp\/v2\/product_cat?post=8854"},{"taxonomy":"product_tag","embeddable":true,"href":"https:\/\/metal-lf.com\/en\/wp-json\/wp\/v2\/product_tag?post=8854"}],"curies":[{"name":"wp","href":"https:\/\/api.w.org\/{rel}","templated":true}]}}