{"id":8872,"date":"2021-02-18T17:13:58","date_gmt":"2021-02-18T22:13:58","guid":{"rendered":"http:\/\/metal-lf.com\/staging\/?post_type=product&#038;p=8872"},"modified":"2021-10-05T14:40:40","modified_gmt":"2021-10-05T18:40:40","slug":"galvanisation-a-chaud","status":"publish","type":"product","link":"https:\/\/metal-lf.com\/en\/product\/galvanisation-a-chaud\/","title":{"rendered":"Galvanisation \u00e0 chaud"},"content":{"rendered":"<p>La galvanisation \u00e0 chaud de l\u2019acier est un proc\u00e9d\u00e9 qui vise \u00e0 prot\u00e9ger l\u2019acier contre les chocs, la rouille et l\u2019abrasion en le liant \u00e0 une fine couche de zinc.<\/p>\n<p>&nbsp;<\/p>\n<h3>LES AVANTAGES<\/h3>\n<ul>\n<li><b>Grande r\u00e9sistance :<\/b>\u00a0Lorsque l\u2019acier fra\u00eechement nettoy\u00e9 est immerg\u00e9 dans un bain de zinc en fusion \u00e0 450\u00b0C (840\u00b0F), une liaison m\u00e9tallurgique d\u2019alliages de zinc s\u2019op\u00e8re et ces couches sont ensuite recouvertes par du zinc pur.<br \/>\nLe premier de ces deux alliages avec l\u2019acier est plus dur que le m\u00e9tal de base. Ceci conf\u00e8re \u00e0 la galvanisation \u00e0 chaud son excellente propri\u00e9t\u00e9 de r\u00e9sistance \u00e0 l\u2019abrasion. Tandis que la couche ext\u00e9rieure lisse et pure du zinc absorbe les chocs, les couches d\u2019alliages sous-jacentes exercent une protection efficace sur le m\u00e9tal de base;<\/li>\n<li><b>Protection sacrificielle :\u00a0<\/b>Si le rev\u00eatement qui a \u00e9t\u00e9 galvanis\u00e9 \u00e0 chaud devient \u00e9gratign\u00e9 ou endommag\u00e9, l\u2019acier atteint sera prot\u00e9g\u00e9 contre la corrosion en attaquant le zinc qui c\u00f4toie l\u2019acier plut\u00f4t que la partie de l\u2019acier qui est \u00e0 d\u00e9couvert. Ceci est attribuable \u00e0 la nature \u00e9lectrochimique du zinc plus \u00e9lev\u00e9e que celle de l\u2019acier.<\/li>\n<li><b>Mat\u00e9riaux intelligent :<\/b>\u00a0La dur\u00e9e de vie du rev\u00eatement est pr\u00e9visible pourvu que les conditions climatiques auxquelles le rev\u00eatement est soumis soient connues;<\/li>\n<li><b>Environnement :<\/b>\u00a0Le processus comporte un impact environnemental, \u00e9conomique et social n\u00e9gligeable. Ainsi, l\u2019utilisation de l\u2019acier galvanis\u00e9 est au c\u0153ur du virage vers le d\u00e9veloppement durable.<\/li>\n<\/ul>\n<p>&nbsp;<\/p>\n<h3>PROCESSUS DE GALVANISATION<\/h3>\n<p><img loading=\"lazy\" decoding=\"async\" class=\"alignnone wp-image-7003 size-full\" src=\"https:\/\/abmenviro.ca\/wp-content\/uploads\/processus-galvanisation.png\" sizes=\"auto, (max-width: 700px) 100vw, 700px\" srcset=\"https:\/\/abmenviro.ca\/wp-content\/uploads\/processus-galvanisation.png 700w, https:\/\/abmenviro.ca\/wp-content\/uploads\/processus-galvanisation-300x95.png 300w, https:\/\/abmenviro.ca\/wp-content\/uploads\/processus-galvanisation-16x5.png 16w\" alt=\"\" width=\"700\" height=\"222\" \/><\/p>\n<p>&nbsp;<\/p>\n<p><strong>Dimensions du bassin de trempage<\/strong><br \/>\n48\u2032 x 10\u20196\u2033 x 6\u2032 (14.6m x 3.2m x 1.8m)<br \/>\n(longueur x profondeur x largeur)<\/p>\n<p><img loading=\"lazy\" decoding=\"async\" class=\"size-full wp-image-7023 alignleft\" src=\"https:\/\/abmenviro.ca\/wp-content\/uploads\/galvanisation-dim-bassin-mtl.png\" sizes=\"auto, (max-width: 200px) 100vw, 200px\" srcset=\"https:\/\/abmenviro.ca\/wp-content\/uploads\/galvanisation-dim-bassin-mtl.png 200w, https:\/\/abmenviro.ca\/wp-content\/uploads\/galvanisation-dim-bassin-mtl-150x150.png 150w, https:\/\/abmenviro.ca\/wp-content\/uploads\/galvanisation-dim-bassin-mtl-12x12.png 12w\" alt=\"\" width=\"200\" height=\"200\" \/><\/p>\n<p>&nbsp;<\/p>\n<p><strong>Dimension maximale des produits<br \/>\npouvant \u00eatre galvanis\u00e9s<\/strong><br \/>\n47\u20196\u2033 x 9\u20196\u2033 x 5\u20196\u2033 (14.4m x 2.9m x 1.6m)<\/p>\n<p>&nbsp;<\/p>\n<p>&nbsp;<\/p>","protected":false},"excerpt":{"rendered":"<p>La galvanisation \u00e0 chaud de l\u2019acier est un proc\u00e9d\u00e9 qui vise \u00e0 prot\u00e9ger l\u2019acier contre les chocs, la rouille et l\u2019abrasion en le liant \u00e0 une fine couche de zinc. &nbsp; LES AVANTAGES Grande r\u00e9sistance :\u00a0Lorsque l\u2019acier fra\u00eechement nettoy\u00e9 est immerg\u00e9 dans un bain de zinc en fusion \u00e0 450\u00b0C (840\u00b0F), une liaison m\u00e9tallurgique d\u2019alliages [&hellip;]<\/p>","protected":false},"featured_media":22462,"comment_status":"closed","ping_status":"closed","template":"","meta":[],"product_cat":[19,20],"product_tag":[],"class_list":{"0":"post-8872","1":"product","2":"type-product","3":"status-publish","4":"has-post-thumbnail","6":"product_cat-acier","7":"product_cat-services","10":"first","11":"instock","12":"taxable","13":"shipping-taxable","14":"purchasable","15":"product-type-simple"},"yoast_head":"<!-- This site is optimized with the Yoast SEO plugin v24.7 - https:\/\/yoast.com\/wordpress\/plugins\/seo\/ -->\n<title>Galvanisation \u00e0 chaud | M\u00e9tal LF<\/title>\n<meta name=\"robots\" content=\"index, follow, max-snippet:-1, max-image-preview:large, max-video-preview:-1\" \/>\n<link rel=\"canonical\" href=\"https:\/\/metal-lf.com\/en\/product\/galvanisation-a-chaud\/\" \/>\n<meta property=\"og:locale\" content=\"en_US\" \/>\n<meta property=\"og:type\" content=\"article\" \/>\n<meta property=\"og:title\" content=\"Galvanisation \u00e0 chaud | M\u00e9tal LF\" \/>\n<meta property=\"og:description\" content=\"La galvanisation \u00e0 chaud de l\u2019acier est un proc\u00e9d\u00e9 qui vise \u00e0 prot\u00e9ger l\u2019acier contre les chocs, la rouille et l\u2019abrasion en le liant \u00e0 une fine couche de zinc. &nbsp; LES AVANTAGES Grande r\u00e9sistance :\u00a0Lorsque l\u2019acier fra\u00eechement nettoy\u00e9 est immerg\u00e9 dans un bain de zinc en fusion \u00e0 450\u00b0C (840\u00b0F), une liaison m\u00e9tallurgique d\u2019alliages [&hellip;]\" \/>\n<meta property=\"og:url\" content=\"https:\/\/metal-lf.com\/en\/product\/galvanisation-a-chaud\/\" \/>\n<meta property=\"og:site_name\" content=\"M\u00e9tal LF\" \/>\n<meta property=\"article:publisher\" content=\"https:\/\/www.facebook.com\/groupeABMgroup\/\" \/>\n<meta property=\"article:modified_time\" content=\"2021-10-05T18:40:40+00:00\" \/>\n<meta property=\"og:image\" content=\"https:\/\/metal-lf.com\/wp-content\/uploads\/galvanisation-01.jpg\" \/>\n\t<meta property=\"og:image:width\" content=\"2000\" \/>\n\t<meta property=\"og:image:height\" content=\"1500\" \/>\n\t<meta property=\"og:image:type\" content=\"image\/jpeg\" \/>\n<meta name=\"twitter:card\" content=\"summary_large_image\" \/>\n<meta name=\"twitter:label1\" content=\"Est. reading time\" \/>\n\t<meta name=\"twitter:data1\" content=\"1 minute\" \/>\n<script type=\"application\/ld+json\" class=\"yoast-schema-graph\">{\"@context\":\"https:\/\/schema.org\",\"@graph\":[{\"@type\":\"WebPage\",\"@id\":\"https:\/\/metal-lf.com\/produit\/galvanisation-a-chaud\/\",\"url\":\"https:\/\/metal-lf.com\/produit\/galvanisation-a-chaud\/\",\"name\":\"Galvanisation \u00e0 chaud | M\u00e9tal LF\",\"isPartOf\":{\"@id\":\"https:\/\/metal-lf.com\/#website\"},\"primaryImageOfPage\":{\"@id\":\"https:\/\/metal-lf.com\/produit\/galvanisation-a-chaud\/#primaryimage\"},\"image\":{\"@id\":\"https:\/\/metal-lf.com\/produit\/galvanisation-a-chaud\/#primaryimage\"},\"thumbnailUrl\":\"https:\/\/metal-lf.com\/wp-content\/uploads\/galvanisation-01.jpg\",\"datePublished\":\"2021-02-18T22:13:58+00:00\",\"dateModified\":\"2021-10-05T18:40:40+00:00\",\"breadcrumb\":{\"@id\":\"https:\/\/metal-lf.com\/produit\/galvanisation-a-chaud\/#breadcrumb\"},\"inLanguage\":\"en-CA\",\"potentialAction\":[{\"@type\":\"ReadAction\",\"target\":[\"https:\/\/metal-lf.com\/produit\/galvanisation-a-chaud\/\"]}]},{\"@type\":\"ImageObject\",\"inLanguage\":\"en-CA\",\"@id\":\"https:\/\/metal-lf.com\/produit\/galvanisation-a-chaud\/#primaryimage\",\"url\":\"https:\/\/metal-lf.com\/wp-content\/uploads\/galvanisation-01.jpg\",\"contentUrl\":\"https:\/\/metal-lf.com\/wp-content\/uploads\/galvanisation-01.jpg\",\"width\":2000,\"height\":1500},{\"@type\":\"BreadcrumbList\",\"@id\":\"https:\/\/metal-lf.com\/produit\/galvanisation-a-chaud\/#breadcrumb\",\"itemListElement\":[{\"@type\":\"ListItem\",\"position\":1,\"name\":\"Accueil\",\"item\":\"https:\/\/metal-lf.com\/\"},{\"@type\":\"ListItem\",\"position\":2,\"name\":\"Produits\",\"item\":\"https:\/\/metal-lf.com\/produits\/\"},{\"@type\":\"ListItem\",\"position\":3,\"name\":\"Galvanisation \u00e0 chaud\"}]},{\"@type\":\"WebSite\",\"@id\":\"https:\/\/metal-lf.com\/#website\",\"url\":\"https:\/\/metal-lf.com\/\",\"name\":\"M\u00e9tal LF\",\"description\":\"Distribution d&#039;acier, d&#039;aluminium et autres produits de m\u00e9taux\",\"publisher\":{\"@id\":\"https:\/\/metal-lf.com\/#organization\"},\"potentialAction\":[{\"@type\":\"SearchAction\",\"target\":{\"@type\":\"EntryPoint\",\"urlTemplate\":\"https:\/\/metal-lf.com\/?s={search_term_string}\"},\"query-input\":{\"@type\":\"PropertyValueSpecification\",\"valueRequired\":true,\"valueName\":\"search_term_string\"}}],\"inLanguage\":\"en-CA\"},{\"@type\":\"Organization\",\"@id\":\"https:\/\/metal-lf.com\/#organization\",\"name\":\"M\u00e9tal LF\",\"url\":\"https:\/\/metal-lf.com\/\",\"logo\":{\"@type\":\"ImageObject\",\"inLanguage\":\"en-CA\",\"@id\":\"https:\/\/metal-lf.com\/#\/schema\/logo\/image\/\",\"url\":\"https:\/\/metal-lf.com\/wp-content\/uploads\/logo-metal-LF.png\",\"contentUrl\":\"https:\/\/metal-lf.com\/wp-content\/uploads\/logo-metal-LF.png\",\"width\":3000,\"height\":950,\"caption\":\"M\u00e9tal LF\"},\"image\":{\"@id\":\"https:\/\/metal-lf.com\/#\/schema\/logo\/image\/\"},\"sameAs\":[\"https:\/\/www.facebook.com\/groupeABMgroup\/\",\"https:\/\/www.linkedin.com\/company\/groupe-abm\",\"https:\/\/www.youtube.com\/channel\/UCOwvcSCeZZlFqnhRxnMkm6w\/\"]}]}<\/script>\n<!-- \/ Yoast SEO plugin. -->","yoast_head_json":{"title":"Galvanisation \u00e0 chaud | M\u00e9tal LF","robots":{"index":"index","follow":"follow","max-snippet":"max-snippet:-1","max-image-preview":"max-image-preview:large","max-video-preview":"max-video-preview:-1"},"canonical":"https:\/\/metal-lf.com\/en\/product\/galvanisation-a-chaud\/","og_locale":"en_US","og_type":"article","og_title":"Galvanisation \u00e0 chaud | M\u00e9tal LF","og_description":"La galvanisation \u00e0 chaud de l\u2019acier est un proc\u00e9d\u00e9 qui vise \u00e0 prot\u00e9ger l\u2019acier contre les chocs, la rouille et l\u2019abrasion en le liant \u00e0 une fine couche de zinc. &nbsp; LES AVANTAGES Grande r\u00e9sistance :\u00a0Lorsque l\u2019acier fra\u00eechement nettoy\u00e9 est immerg\u00e9 dans un bain de zinc en fusion \u00e0 450\u00b0C (840\u00b0F), une liaison m\u00e9tallurgique d\u2019alliages [&hellip;]","og_url":"https:\/\/metal-lf.com\/en\/product\/galvanisation-a-chaud\/","og_site_name":"M\u00e9tal LF","article_publisher":"https:\/\/www.facebook.com\/groupeABMgroup\/","article_modified_time":"2021-10-05T18:40:40+00:00","og_image":[{"width":2000,"height":1500,"url":"https:\/\/metal-lf.com\/wp-content\/uploads\/galvanisation-01.jpg","type":"image\/jpeg"}],"twitter_card":"summary_large_image","twitter_misc":{"Est. reading time":"1 minute"},"schema":{"@context":"https:\/\/schema.org","@graph":[{"@type":"WebPage","@id":"https:\/\/metal-lf.com\/produit\/galvanisation-a-chaud\/","url":"https:\/\/metal-lf.com\/produit\/galvanisation-a-chaud\/","name":"Galvanisation \u00e0 chaud | M\u00e9tal LF","isPartOf":{"@id":"https:\/\/metal-lf.com\/#website"},"primaryImageOfPage":{"@id":"https:\/\/metal-lf.com\/produit\/galvanisation-a-chaud\/#primaryimage"},"image":{"@id":"https:\/\/metal-lf.com\/produit\/galvanisation-a-chaud\/#primaryimage"},"thumbnailUrl":"https:\/\/metal-lf.com\/wp-content\/uploads\/galvanisation-01.jpg","datePublished":"2021-02-18T22:13:58+00:00","dateModified":"2021-10-05T18:40:40+00:00","breadcrumb":{"@id":"https:\/\/metal-lf.com\/produit\/galvanisation-a-chaud\/#breadcrumb"},"inLanguage":"en-CA","potentialAction":[{"@type":"ReadAction","target":["https:\/\/metal-lf.com\/produit\/galvanisation-a-chaud\/"]}]},{"@type":"ImageObject","inLanguage":"en-CA","@id":"https:\/\/metal-lf.com\/produit\/galvanisation-a-chaud\/#primaryimage","url":"https:\/\/metal-lf.com\/wp-content\/uploads\/galvanisation-01.jpg","contentUrl":"https:\/\/metal-lf.com\/wp-content\/uploads\/galvanisation-01.jpg","width":2000,"height":1500},{"@type":"BreadcrumbList","@id":"https:\/\/metal-lf.com\/produit\/galvanisation-a-chaud\/#breadcrumb","itemListElement":[{"@type":"ListItem","position":1,"name":"Accueil","item":"https:\/\/metal-lf.com\/"},{"@type":"ListItem","position":2,"name":"Produits","item":"https:\/\/metal-lf.com\/produits\/"},{"@type":"ListItem","position":3,"name":"Galvanisation \u00e0 chaud"}]},{"@type":"WebSite","@id":"https:\/\/metal-lf.com\/#website","url":"https:\/\/metal-lf.com\/","name":"M\u00e9tal LF","description":"Distribution d&#039;acier, d&#039;aluminium et autres produits de m\u00e9taux","publisher":{"@id":"https:\/\/metal-lf.com\/#organization"},"potentialAction":[{"@type":"SearchAction","target":{"@type":"EntryPoint","urlTemplate":"https:\/\/metal-lf.com\/?s={search_term_string}"},"query-input":{"@type":"PropertyValueSpecification","valueRequired":true,"valueName":"search_term_string"}}],"inLanguage":"en-CA"},{"@type":"Organization","@id":"https:\/\/metal-lf.com\/#organization","name":"M\u00e9tal LF","url":"https:\/\/metal-lf.com\/","logo":{"@type":"ImageObject","inLanguage":"en-CA","@id":"https:\/\/metal-lf.com\/#\/schema\/logo\/image\/","url":"https:\/\/metal-lf.com\/wp-content\/uploads\/logo-metal-LF.png","contentUrl":"https:\/\/metal-lf.com\/wp-content\/uploads\/logo-metal-LF.png","width":3000,"height":950,"caption":"M\u00e9tal LF"},"image":{"@id":"https:\/\/metal-lf.com\/#\/schema\/logo\/image\/"},"sameAs":["https:\/\/www.facebook.com\/groupeABMgroup\/","https:\/\/www.linkedin.com\/company\/groupe-abm","https:\/\/www.youtube.com\/channel\/UCOwvcSCeZZlFqnhRxnMkm6w\/"]}]}},"_links":{"self":[{"href":"https:\/\/metal-lf.com\/en\/wp-json\/wp\/v2\/product\/8872","targetHints":{"allow":["GET"]}}],"collection":[{"href":"https:\/\/metal-lf.com\/en\/wp-json\/wp\/v2\/product"}],"about":[{"href":"https:\/\/metal-lf.com\/en\/wp-json\/wp\/v2\/types\/product"}],"replies":[{"embeddable":true,"href":"https:\/\/metal-lf.com\/en\/wp-json\/wp\/v2\/comments?post=8872"}],"wp:featuredmedia":[{"embeddable":true,"href":"https:\/\/metal-lf.com\/en\/wp-json\/wp\/v2\/media\/22462"}],"wp:attachment":[{"href":"https:\/\/metal-lf.com\/en\/wp-json\/wp\/v2\/media?parent=8872"}],"wp:term":[{"taxonomy":"product_cat","embeddable":true,"href":"https:\/\/metal-lf.com\/en\/wp-json\/wp\/v2\/product_cat?post=8872"},{"taxonomy":"product_tag","embeddable":true,"href":"https:\/\/metal-lf.com\/en\/wp-json\/wp\/v2\/product_tag?post=8872"}],"curies":[{"name":"wp","href":"https:\/\/api.w.org\/{rel}","templated":true}]}}