{"id":8873,"date":"2021-02-18T17:15:25","date_gmt":"2021-02-18T22:15:25","guid":{"rendered":"http:\/\/metal-lf.com\/staging\/?post_type=product&#038;p=8873"},"modified":"2021-10-05T14:40:04","modified_gmt":"2021-10-05T18:40:04","slug":"preparation-de-pieces","status":"publish","type":"product","link":"https:\/\/metal-lf.com\/en\/product\/preparation-de-pieces\/","title":{"rendered":"Pr\u00e9paration de pi\u00e8ces"},"content":{"rendered":"<p>Nos \u00e9quipements automatis\u00e9s nous permettent d\u2019offrir des services de pr\u00e9paration de pi\u00e8ces comme de la d\u00e9coupe au laser \/ Laser tube, de la coupe de t\u00f4le, du pliage et de la soudure.<\/p>\n<p>&nbsp;<\/p>\n<h3>\u00c9QUIPEMENTS<\/h3>\n<ul>\n<li>Laser Fibermak Raptor 510 : 5\u2032 x 10\u2032 \u2013 3Kw;<\/li>\n<li>Laser JQ :\u00a05\u2032 x 10\u2032 \u2013 1Kw + laser tube 4 (6 m\u00e8tres x 8 \u215d\u201d dia.);<\/li>\n<li>Cisaille num\u00e9rique Ermaksan : 10\u2032 x \u00bd\u201d<\/li>\n<li>Plieuse num\u00e9rique Ermaksan\u00a0:\u00a012\u2032 \u2013 200 tonnes \/ 3 axes;<\/li>\n<li>Plieuse num\u00e9rique Ermaksan\u00a0:\u00a012\u2032 \u2013 250 tonnes \/ 7 axes;<\/li>\n<li>Plieuse num\u00e9rique Ermaksan\u00a0:\u00a042\u2033 \u2013 33 tonnes \/ 3 axes;<\/li>\n<li>Rouleau \u00e0 plaque : 51\u2033 x 3\/16\u2033.<\/li>\n<\/ul>\n<p>&nbsp;<\/p>\n<p><iframe loading=\"lazy\" title=\"ABM Enviro \/\/ Fibermak Raptor 510\" width=\"940\" height=\"529\" src=\"https:\/\/www.youtube.com\/embed\/P19eJ57u3vs?feature=oembed\" frameborder=\"0\" allow=\"accelerometer; autoplay; clipboard-write; encrypted-media; gyroscope; picture-in-picture\" allowfullscreen><\/iframe><\/p>\n<p>&nbsp;<\/p>","protected":false},"excerpt":{"rendered":"<p>Nos \u00e9quipements automatis\u00e9s nous permettent d\u2019offrir des services de pr\u00e9paration de pi\u00e8ces comme de la d\u00e9coupe au laser \/ Laser tube, de la coupe de t\u00f4le, du pliage et de la soudure. &nbsp; \u00c9QUIPEMENTS Laser Fibermak Raptor 510 : 5\u2032 x 10\u2032 \u2013 3Kw; Laser JQ :\u00a05\u2032 x 10\u2032 \u2013 1Kw + laser tube 4 [&hellip;]<\/p>","protected":false},"featured_media":22482,"comment_status":"closed","ping_status":"closed","template":"","meta":[],"product_cat":[19,146,20],"product_tag":[],"class_list":{"0":"post-8873","1":"product","2":"type-product","3":"status-publish","4":"has-post-thumbnail","6":"product_cat-acier","7":"product_cat-aluminium","8":"product_cat-services","11":"first","12":"instock","13":"taxable","14":"shipping-taxable","15":"purchasable","16":"product-type-simple"},"yoast_head":"<!-- This site is optimized with the Yoast SEO plugin v24.7 - https:\/\/yoast.com\/wordpress\/plugins\/seo\/ -->\n<title>Pr\u00e9paration de pi\u00e8ces | M\u00e9tal LF<\/title>\n<meta name=\"robots\" content=\"index, follow, max-snippet:-1, max-image-preview:large, max-video-preview:-1\" \/>\n<link rel=\"canonical\" href=\"https:\/\/metal-lf.com\/en\/product\/preparation-de-pieces\/\" \/>\n<meta property=\"og:locale\" content=\"en_US\" \/>\n<meta property=\"og:type\" content=\"article\" \/>\n<meta property=\"og:title\" content=\"Pr\u00e9paration de pi\u00e8ces | M\u00e9tal LF\" \/>\n<meta property=\"og:description\" content=\"Nos \u00e9quipements automatis\u00e9s nous permettent d\u2019offrir des services de pr\u00e9paration de pi\u00e8ces comme de la d\u00e9coupe au laser \/ Laser tube, de la coupe de t\u00f4le, du pliage et de la soudure. &nbsp; \u00c9QUIPEMENTS Laser Fibermak Raptor 510 : 5\u2032 x 10\u2032 \u2013 3Kw; Laser JQ :\u00a05\u2032 x 10\u2032 \u2013 1Kw + laser tube 4 [&hellip;]\" \/>\n<meta property=\"og:url\" content=\"https:\/\/metal-lf.com\/en\/product\/preparation-de-pieces\/\" \/>\n<meta property=\"og:site_name\" content=\"M\u00e9tal LF\" \/>\n<meta property=\"article:publisher\" content=\"https:\/\/www.facebook.com\/groupeABMgroup\/\" \/>\n<meta property=\"article:modified_time\" content=\"2021-10-05T18:40:04+00:00\" \/>\n<meta property=\"og:image\" content=\"https:\/\/metal-lf.com\/wp-content\/uploads\/ABM-decoupe-06.jpg\" \/>\n\t<meta property=\"og:image:width\" content=\"1855\" \/>\n\t<meta property=\"og:image:height\" content=\"2000\" \/>\n\t<meta property=\"og:image:type\" content=\"image\/jpeg\" \/>\n<meta name=\"twitter:card\" content=\"summary_large_image\" \/>\n<script type=\"application\/ld+json\" class=\"yoast-schema-graph\">{\"@context\":\"https:\/\/schema.org\",\"@graph\":[{\"@type\":\"WebPage\",\"@id\":\"https:\/\/metal-lf.com\/produit\/preparation-de-pieces\/\",\"url\":\"https:\/\/metal-lf.com\/produit\/preparation-de-pieces\/\",\"name\":\"Pr\u00e9paration de pi\u00e8ces | M\u00e9tal LF\",\"isPartOf\":{\"@id\":\"https:\/\/metal-lf.com\/#website\"},\"primaryImageOfPage\":{\"@id\":\"https:\/\/metal-lf.com\/produit\/preparation-de-pieces\/#primaryimage\"},\"image\":{\"@id\":\"https:\/\/metal-lf.com\/produit\/preparation-de-pieces\/#primaryimage\"},\"thumbnailUrl\":\"https:\/\/metal-lf.com\/wp-content\/uploads\/ABM-decoupe-06.jpg\",\"datePublished\":\"2021-02-18T22:15:25+00:00\",\"dateModified\":\"2021-10-05T18:40:04+00:00\",\"breadcrumb\":{\"@id\":\"https:\/\/metal-lf.com\/produit\/preparation-de-pieces\/#breadcrumb\"},\"inLanguage\":\"en-CA\",\"potentialAction\":[{\"@type\":\"ReadAction\",\"target\":[\"https:\/\/metal-lf.com\/produit\/preparation-de-pieces\/\"]}]},{\"@type\":\"ImageObject\",\"inLanguage\":\"en-CA\",\"@id\":\"https:\/\/metal-lf.com\/produit\/preparation-de-pieces\/#primaryimage\",\"url\":\"https:\/\/metal-lf.com\/wp-content\/uploads\/ABM-decoupe-06.jpg\",\"contentUrl\":\"https:\/\/metal-lf.com\/wp-content\/uploads\/ABM-decoupe-06.jpg\",\"width\":1855,\"height\":2000},{\"@type\":\"BreadcrumbList\",\"@id\":\"https:\/\/metal-lf.com\/produit\/preparation-de-pieces\/#breadcrumb\",\"itemListElement\":[{\"@type\":\"ListItem\",\"position\":1,\"name\":\"Accueil\",\"item\":\"https:\/\/metal-lf.com\/\"},{\"@type\":\"ListItem\",\"position\":2,\"name\":\"Produits\",\"item\":\"https:\/\/metal-lf.com\/produits\/\"},{\"@type\":\"ListItem\",\"position\":3,\"name\":\"Pr\u00e9paration de pi\u00e8ces\"}]},{\"@type\":\"WebSite\",\"@id\":\"https:\/\/metal-lf.com\/#website\",\"url\":\"https:\/\/metal-lf.com\/\",\"name\":\"M\u00e9tal LF\",\"description\":\"Distribution d&#039;acier, d&#039;aluminium et autres produits de m\u00e9taux\",\"publisher\":{\"@id\":\"https:\/\/metal-lf.com\/#organization\"},\"potentialAction\":[{\"@type\":\"SearchAction\",\"target\":{\"@type\":\"EntryPoint\",\"urlTemplate\":\"https:\/\/metal-lf.com\/?s={search_term_string}\"},\"query-input\":{\"@type\":\"PropertyValueSpecification\",\"valueRequired\":true,\"valueName\":\"search_term_string\"}}],\"inLanguage\":\"en-CA\"},{\"@type\":\"Organization\",\"@id\":\"https:\/\/metal-lf.com\/#organization\",\"name\":\"M\u00e9tal LF\",\"url\":\"https:\/\/metal-lf.com\/\",\"logo\":{\"@type\":\"ImageObject\",\"inLanguage\":\"en-CA\",\"@id\":\"https:\/\/metal-lf.com\/#\/schema\/logo\/image\/\",\"url\":\"https:\/\/metal-lf.com\/wp-content\/uploads\/logo-metal-LF.png\",\"contentUrl\":\"https:\/\/metal-lf.com\/wp-content\/uploads\/logo-metal-LF.png\",\"width\":3000,\"height\":950,\"caption\":\"M\u00e9tal LF\"},\"image\":{\"@id\":\"https:\/\/metal-lf.com\/#\/schema\/logo\/image\/\"},\"sameAs\":[\"https:\/\/www.facebook.com\/groupeABMgroup\/\",\"https:\/\/www.linkedin.com\/company\/groupe-abm\",\"https:\/\/www.youtube.com\/channel\/UCOwvcSCeZZlFqnhRxnMkm6w\/\"]}]}<\/script>\n<!-- \/ Yoast SEO plugin. -->","yoast_head_json":{"title":"Pr\u00e9paration de pi\u00e8ces | M\u00e9tal LF","robots":{"index":"index","follow":"follow","max-snippet":"max-snippet:-1","max-image-preview":"max-image-preview:large","max-video-preview":"max-video-preview:-1"},"canonical":"https:\/\/metal-lf.com\/en\/product\/preparation-de-pieces\/","og_locale":"en_US","og_type":"article","og_title":"Pr\u00e9paration de pi\u00e8ces | M\u00e9tal LF","og_description":"Nos \u00e9quipements automatis\u00e9s nous permettent d\u2019offrir des services de pr\u00e9paration de pi\u00e8ces comme de la d\u00e9coupe au laser \/ Laser tube, de la coupe de t\u00f4le, du pliage et de la soudure. &nbsp; \u00c9QUIPEMENTS Laser Fibermak Raptor 510 : 5\u2032 x 10\u2032 \u2013 3Kw; Laser JQ :\u00a05\u2032 x 10\u2032 \u2013 1Kw + laser tube 4 [&hellip;]","og_url":"https:\/\/metal-lf.com\/en\/product\/preparation-de-pieces\/","og_site_name":"M\u00e9tal LF","article_publisher":"https:\/\/www.facebook.com\/groupeABMgroup\/","article_modified_time":"2021-10-05T18:40:04+00:00","og_image":[{"width":1855,"height":2000,"url":"https:\/\/metal-lf.com\/wp-content\/uploads\/ABM-decoupe-06.jpg","type":"image\/jpeg"}],"twitter_card":"summary_large_image","schema":{"@context":"https:\/\/schema.org","@graph":[{"@type":"WebPage","@id":"https:\/\/metal-lf.com\/produit\/preparation-de-pieces\/","url":"https:\/\/metal-lf.com\/produit\/preparation-de-pieces\/","name":"Pr\u00e9paration de pi\u00e8ces | M\u00e9tal LF","isPartOf":{"@id":"https:\/\/metal-lf.com\/#website"},"primaryImageOfPage":{"@id":"https:\/\/metal-lf.com\/produit\/preparation-de-pieces\/#primaryimage"},"image":{"@id":"https:\/\/metal-lf.com\/produit\/preparation-de-pieces\/#primaryimage"},"thumbnailUrl":"https:\/\/metal-lf.com\/wp-content\/uploads\/ABM-decoupe-06.jpg","datePublished":"2021-02-18T22:15:25+00:00","dateModified":"2021-10-05T18:40:04+00:00","breadcrumb":{"@id":"https:\/\/metal-lf.com\/produit\/preparation-de-pieces\/#breadcrumb"},"inLanguage":"en-CA","potentialAction":[{"@type":"ReadAction","target":["https:\/\/metal-lf.com\/produit\/preparation-de-pieces\/"]}]},{"@type":"ImageObject","inLanguage":"en-CA","@id":"https:\/\/metal-lf.com\/produit\/preparation-de-pieces\/#primaryimage","url":"https:\/\/metal-lf.com\/wp-content\/uploads\/ABM-decoupe-06.jpg","contentUrl":"https:\/\/metal-lf.com\/wp-content\/uploads\/ABM-decoupe-06.jpg","width":1855,"height":2000},{"@type":"BreadcrumbList","@id":"https:\/\/metal-lf.com\/produit\/preparation-de-pieces\/#breadcrumb","itemListElement":[{"@type":"ListItem","position":1,"name":"Accueil","item":"https:\/\/metal-lf.com\/"},{"@type":"ListItem","position":2,"name":"Produits","item":"https:\/\/metal-lf.com\/produits\/"},{"@type":"ListItem","position":3,"name":"Pr\u00e9paration de pi\u00e8ces"}]},{"@type":"WebSite","@id":"https:\/\/metal-lf.com\/#website","url":"https:\/\/metal-lf.com\/","name":"M\u00e9tal LF","description":"Distribution d&#039;acier, d&#039;aluminium et autres produits de m\u00e9taux","publisher":{"@id":"https:\/\/metal-lf.com\/#organization"},"potentialAction":[{"@type":"SearchAction","target":{"@type":"EntryPoint","urlTemplate":"https:\/\/metal-lf.com\/?s={search_term_string}"},"query-input":{"@type":"PropertyValueSpecification","valueRequired":true,"valueName":"search_term_string"}}],"inLanguage":"en-CA"},{"@type":"Organization","@id":"https:\/\/metal-lf.com\/#organization","name":"M\u00e9tal LF","url":"https:\/\/metal-lf.com\/","logo":{"@type":"ImageObject","inLanguage":"en-CA","@id":"https:\/\/metal-lf.com\/#\/schema\/logo\/image\/","url":"https:\/\/metal-lf.com\/wp-content\/uploads\/logo-metal-LF.png","contentUrl":"https:\/\/metal-lf.com\/wp-content\/uploads\/logo-metal-LF.png","width":3000,"height":950,"caption":"M\u00e9tal LF"},"image":{"@id":"https:\/\/metal-lf.com\/#\/schema\/logo\/image\/"},"sameAs":["https:\/\/www.facebook.com\/groupeABMgroup\/","https:\/\/www.linkedin.com\/company\/groupe-abm","https:\/\/www.youtube.com\/channel\/UCOwvcSCeZZlFqnhRxnMkm6w\/"]}]}},"_links":{"self":[{"href":"https:\/\/metal-lf.com\/en\/wp-json\/wp\/v2\/product\/8873","targetHints":{"allow":["GET"]}}],"collection":[{"href":"https:\/\/metal-lf.com\/en\/wp-json\/wp\/v2\/product"}],"about":[{"href":"https:\/\/metal-lf.com\/en\/wp-json\/wp\/v2\/types\/product"}],"replies":[{"embeddable":true,"href":"https:\/\/metal-lf.com\/en\/wp-json\/wp\/v2\/comments?post=8873"}],"wp:featuredmedia":[{"embeddable":true,"href":"https:\/\/metal-lf.com\/en\/wp-json\/wp\/v2\/media\/22482"}],"wp:attachment":[{"href":"https:\/\/metal-lf.com\/en\/wp-json\/wp\/v2\/media?parent=8873"}],"wp:term":[{"taxonomy":"product_cat","embeddable":true,"href":"https:\/\/metal-lf.com\/en\/wp-json\/wp\/v2\/product_cat?post=8873"},{"taxonomy":"product_tag","embeddable":true,"href":"https:\/\/metal-lf.com\/en\/wp-json\/wp\/v2\/product_tag?post=8873"}],"curies":[{"name":"wp","href":"https:\/\/api.w.org\/{rel}","templated":true}]}}